{"id":1570,"date":"2026-03-23T08:37:21","date_gmt":"2026-03-23T07:37:21","guid":{"rendered":"https:\/\/sandviken-camping.no\/?page_id=1570"},"modified":"2026-03-23T08:39:24","modified_gmt":"2026-03-23T07:39:24","slug":"datenschutz","status":"publish","type":"page","link":"https:\/\/sandviken-camping.no\/de\/personvern\/","title":{"rendered":"Datenschutz"},"content":{"rendered":"<div data-elementor-type=\"wp-page\" data-elementor-id=\"1570\" class=\"elementor elementor-1570\" data-elementor-post-type=\"page\">\n\t\t\t\t<div class=\"elementor-element elementor-element-bfd2f4c e-flex e-con-boxed e-con e-child\" data-id=\"bfd2f4c\" data-element_type=\"container\" data-e-type=\"container\" data-settings=\"{&quot;background_background&quot;:&quot;classic&quot;}\">\n\t\t\t\t\t<div class=\"e-con-inner\">\n\t\t<div class=\"elementor-element elementor-element-44d9b5e e-con-full e-flex e-con e-child\" data-id=\"44d9b5e\" data-element_type=\"container\" data-e-type=\"container\">\n\t\t<div class=\"elementor-element elementor-element-3f09d37 e-con-full e-flex elementor-invisible e-con e-child\" data-id=\"3f09d37\" data-element_type=\"container\" data-e-type=\"container\" data-settings=\"{&quot;animation&quot;:&quot;fadeIn&quot;}\">\n\t\t\t\t<div class=\"elementor-element elementor-element-303eae9 elementor-widget elementor-widget-heading\" data-id=\"303eae9\" data-element_type=\"widget\" data-e-type=\"widget\" data-widget_type=\"heading.default\">\n\t\t\t\t\t<h1 class=\"elementor-heading-title elementor-size-default\">Datenschutz<\/h1>\t\t\t\t<\/div>\n\t\t\t\t<\/div>\n\t\t\t\t<\/div>\n\t\t\t\t\t<\/div>\n\t\t\t\t<\/div>\n\t\t<div class=\"elementor-element elementor-element-8b0bfd6 e-flex e-con-boxed e-con e-parent\" data-id=\"8b0bfd6\" data-element_type=\"container\" data-e-type=\"container\">\n\t\t\t\t\t<div class=\"e-con-inner\">\n\t\t\t\t<div class=\"elementor-element elementor-element-643f19c elementor-widget elementor-widget-text-editor\" data-id=\"643f19c\" data-element_type=\"widget\" data-e-type=\"widget\" data-widget_type=\"text-editor.default\">\n\t\t\t\t\t\t\t\t\t<h2>Datenschutzbestimmungen f\u00fcr Sandviken Camping und www.sandviken-camping.no<\/h2><p><span style=\"font-weight: 400;\">Diese Datenschutzerkl\u00e4rung beschreibt, welche Art von personenbezogenen Daten Sandviken Camping sammelt und wie diese personenbezogenen Daten verarbeitet werden.<\/span><\/p><p><span style=\"font-weight: 400;\">Sandviken Camping h\u00e4lt sich an das norwegische Gesetz \u00fcber personenbezogene Daten. Diese Datenschutzerkl\u00e4rung wurde in \u00dcbereinstimmung mit den Anforderungen der Abschnitte 18 und 19 des Gesetzes \u00fcber personenbezogene Daten erstellt.<\/span><\/p><p><b>Was sind personenbezogene Daten?<\/b><\/p><p><span style=\"font-weight: 400;\">Personenbezogene Daten sind Informationen \u00fcber eine einzelne Person. Dies kann der Name, die Adresse, der Arbeitsort, der Familienstand, die Telefonnummer, die E-Mail-Adresse usw. sein. Auch Informationen \u00fcber Ihre Kontaktaufnahme, den Grund der Kontaktaufnahme und die Form der Kontaktaufnahme mit Sandviken Camping k\u00f6nnen als personenbezogene Daten verstanden werden.<\/span><\/p><p><span style=\"font-weight: 400;\">Sensible pers\u00f6nliche Daten werden von Sandviken Camping weder erhoben noch verwendet. Dabei handelt es sich um personenbezogene Daten wie Anzeigen, Straftaten, Gesundheit und dergleichen.<\/span><\/p><p><span style=\"font-weight: 400;\">Wenn Sie weitere Informationen \u00fcber personenbezogene Daten im Allgemeinen w\u00fcnschen, besuchen Sie bitte https:\/\/www.datatilsynet.no\/om-personvern\/personopplysninger\/.<\/span><\/p><p><b>Wer ist der Verantwortliche f\u00fcr Ihre personenbezogenen Daten bei Sandviken Camping<\/b><\/p><p><span style=\"font-weight: 400;\">Der B\u00fcroleiter von Sandviken Camping ist f\u00fcr die Verarbeitung personenbezogener Daten durch die Organisation verantwortlich. Im Falle einer zuk\u00fcnftigen Delegation findet nur eine Delegation der Aufgaben statt, die Verantwortung f\u00fcr die personenbezogenen Daten verbleibt immer bei Sandviken Camping.<\/span><\/p><p><b>Personenbezogene Daten, die Sandviken Camping erh\u00e4lt<\/b><\/p><p><span style=\"font-weight: 400;\">Sandviken Camping verf\u00fcgt \u00fcber zwei Quellen f\u00fcr personenbezogene Daten, die beide auf Abschnitt 8 des Gesetzes \u00fcber personenbezogene Daten beruhen.<\/span><\/p><p><span style=\"font-weight: 400;\">Die Hauptquelle f\u00fcr personenbezogene Daten sind die Informationen, die Sie selbst zur Verf\u00fcgung stellen. Dies geschieht haupts\u00e4chlich \u00fcber das Kontaktformular auf der Website von Sandviken Camping. Das Kontaktformular dient als Treffpunkt zwischen potenziellen\/bestehenden Kunden und Sandviken Camping. Es ist v\u00f6llig freiwillig, ob Sie ein solches Formular ausf\u00fcllen oder nur ein passiver Besucher der Website bleiben wollen. Die \u00fcber das Kontaktformular erfassten pers\u00f6nlichen Daten sind Telefon, E-Mail und Name.<\/span><\/p><p><span style=\"font-weight: 400;\">Im Anschluss an das Kontaktformular k\u00f6nnen durch E-Mail, Telefon und \u00e4hnliche Korrespondenz zwischen Sandviken Camping und Ihnen als potenziellem\/bestehendem Kunden weitere pers\u00f6nliche Daten erhoben werden.<\/span><\/p><p><span style=\"font-weight: 400;\">Eine weitere Quelle f\u00fcr personenbezogene Daten sind Informationen, die Sandviken Camping selbst sammelt. Die Sammlung erfolgt \u00fcber Google Analytics. Es wird erfasst, wie lange Sie auf der Website verweilen, Ihre IP-Adresse, welche Links Sie anklicken und die Anzahl der Nutzer auf der Website zu verschiedenen Zeiten, um nur einige zu nennen.<\/span><\/p><p><b>Wie Sandviken Camping die personenbezogenen Daten verwendet<\/b><\/p><p><span style=\"font-weight: 400;\">Der Zweck des Kontaktformulars und der anschlie\u00dfenden Korrespondenz besteht darin, Anfragen und Zusagen an die Kunden weiterzuverfolgen. Sandviken Camping ist auf eine solche offene Plattform zwischen sich und seinen Kunden angewiesen, um eine zufriedenstellende Kommunikation und ein zufriedenstellendes Endprodukt zu gew\u00e4hrleisten.<\/span><\/p><p><span style=\"font-weight: 400;\">Der Zweck der Informationen von Google Analytics ist es, die Website zu verbessern. Zum Beispiel, um das Layout benutzerfreundlicher zu gestalten, um Nutzertrends zu verstehen, um die erwarteten Dienste besser zu gestalten und zu erbringen und um kriminelles Verhalten wie Hacking zu verhindern.<\/span><\/p><p><span style=\"font-weight: 400;\">Die Rechtsgrundlage f\u00fcr die Verarbeitung personenbezogener Daten durch Sandviken Camping ist Abschnitt 11 des Gesetzes \u00fcber personenbezogene Daten.<\/span><\/p><p><b>Wie Sie Ihre pers\u00f6nlichen Daten verwalten k\u00f6nnen<\/b><\/p><p><span style=\"font-weight: 400;\">Die begrenzte Menge an personenbezogenen Daten, die Sandviken Camping \u00fcber Sie und auf eigene Initiative sammelt, ist im Vergleich zu anderen Betreibern und anderen Online-Diensten sehr gering. Das bedeutet, dass wir selbst keine personenbezogenen Daten verwalten, wie z. B. Einstellungen in verwendeten Apps und Einstellungen in personalisierter Werbung. Wie bereits erw\u00e4hnt, werden die erhobenen personenbezogenen Daten nicht f\u00fcr solche Zwecke verwendet.<\/span><\/p><p><span style=\"font-weight: 400;\">Sie haben jedoch immer Rechte in Bezug auf Ihre personenbezogenen Daten, \u00fcber die Sie weiter unten mehr erfahren k\u00f6nnen.<\/span><\/p><p><b>Informationsaustausch mit Dritten<\/b><\/p><p><span style=\"font-weight: 400;\">Sandviken Camping gibt keine pers\u00f6nlichen Daten aus dem Kontaktformular, eigenen Sammlungen oder Informationen von anderen an Dritte weiter. Sollte es dennoch zu einer solchen Weitergabe kommen, erhalten Sie von uns immer eine Zustimmungsanfrage.<\/span><\/p><p><b>Sichere Archivierung, L\u00f6schung und interne Kontrolle<\/b><\/p><p><span style=\"font-weight: 400;\">Gem\u00e4\u00df Abschnitt 13 des norwegischen Gesetzes \u00fcber personenbezogene Daten werden alle personenbezogenen Daten, die Sandviken Camping erh\u00e4lt, f\u00fcr die Dauer des Arbeitsverh\u00e4ltnisses zwischen Ihnen und Sandviken Camping entweder auf einem sicheren E-Mail-Server oder auf einem Server archiviert. Bei Beendigung des Arbeitsverh\u00e4ltnisses werden alle Mitteilungen und personenbezogenen Daten innerhalb von 2 Jahren gel\u00f6scht.<\/span><\/p><p><span style=\"font-weight: 400;\">Sandviken Camping verf\u00fcgt \u00fcber interne Kontrollen, um sicherzustellen, dass die Archivierung, Sicherung und L\u00f6schung gem\u00e4\u00df den Zielsetzungen und in \u00dcbereinstimmung mit den gesetzlichen Normen erfolgt.<\/span><\/p><p><b>Rechte<\/b><\/p><p><span style=\"font-weight: 400;\">Nach dem Gesetz \u00fcber personenbezogene Daten haben Sie als Nutzer oder Kunde von Sandviken Camping das Recht auf Vergessenwerden, das Recht auf Daten\u00fcbertragbarkeit, das Recht auf Zugang und das Recht, kein Profil zu erstellen.<\/span><\/p><p><span style=\"font-weight: 400;\">Das Recht auf Vergessenwerden bedeutet, dass alle bei Sandviken Camping gespeicherten personenbezogenen Daten auf Wunsch gel\u00f6scht werden k\u00f6nnen. Wird dies nicht beantragt, l\u00f6scht Sandviken Camping die meisten personenbezogenen Daten in jedem Fall 2 Jahre nach Beendigung des Kontakts.<\/span><\/p><p><span style=\"font-weight: 400;\">Das Recht auf Daten\u00fcbertragbarkeit bedeutet, dass Sie eine digitale Kopie aller personenbezogenen Daten erhalten k\u00f6nnen, die Sandviken Camping \u00fcber Sie gespeichert hat. Dieses Recht bedeutet auch, dass Sie diese personenbezogenen Daten zu einer anderen Organisation bringen k\u00f6nnen, wenn dies technisch m\u00f6glich und vertretbar ist. Personenbezogene Daten, die unter das Recht auf Daten\u00fcbertragbarkeit fallen, sind personenbezogene Daten, die Sandviken Camping zur Verf\u00fcgung gestellt werden, z. B. \u00fcber das Kontaktformular, oder automatisierte personenbezogene Daten, die durch die Nutzung der Dienstleistungen von Sandviken Camping erzeugt werden.<\/span><\/p><p><span style=\"font-weight: 400;\">Das Auskunftsrecht bedeutet, dass Sie das Recht haben, zu erfahren, welche Daten Sandviken Camping \u00fcber Sie gespeichert hat.<\/span><\/p><p><span style=\"font-weight: 400;\">Das Recht gegen Profiling gibt Ihnen das Recht, Sandviken Camping zu verweigern, Ihre Nutzung und Ihr Verhalten zu erfassen und unsere Dienste auf der Grundlage dieser Erfassung auf Sie zuzuschneiden. Typische Beispiele w\u00e4ren personalisierte Werbung, Entwicklung von Dienstleistungen, Marktforschung usw. Dies ist jedoch f\u00fcr Sandviken Camping wenig relevant, da Sandviken Camping wenig Interesse oder Nutzen an einer solchen umfassenden und tiefen Erfassung hat.<\/span><\/p><p><span style=\"font-weight: 400;\">Wenn Sie eines oder mehrere dieser Rechte aus\u00fcben m\u00f6chten, wenden Sie sich bitte an uns. Sie haben einen gesetzlichen Anspruch darauf, innerhalb von mindestens einem Monat eine Antwort von uns zu erhalten.<\/span><\/p><p><b>Die Privatsph\u00e4re von Kindern<\/b><\/p><p><span style=\"font-weight: 400;\">Sandviken Camping hat weder den Wunsch noch die Notwendigkeit, pers\u00f6nliche Daten von Kindern unter 16 Jahren zu sammeln oder zu verarbeiten. Solche pers\u00f6nlichen Daten m\u00fcssen von einem Elternteil oder Erziehungsberechtigten stammen.<\/span><\/p><p><span style=\"font-weight: 400;\">Pers\u00f6nliche Daten, die von Kindern bei Sandviken Camping hinterlassen werden, werden gel\u00f6scht, sobald Sandviken Camping davon Kenntnis erlangt.<\/span><\/p><p><b>Datenschutzbeauftragter<\/b><\/p><p><span style=\"font-weight: 400;\">Sandviken Camping verf\u00fcgt nicht \u00fcber einen Datenschutzbeauftragten, da das Unternehmen keine Organisation des \u00f6ffentlichen Sektors ist, keine sensiblen Daten verarbeitet, keine systematische Erfassung von Personen vornimmt und keine personenbezogenen Daten im Zusammenhang mit Straftaten verarbeitet.<\/span><\/p><p><b>Durchf\u00fchrung der \u00c4nderungen<\/b><\/p><p><span style=\"font-weight: 400;\">Sandviken Camping wird seine Datenschutzpolitik von Zeit zu Zeit aktualisieren, um sicherzustellen, dass sie dem vom norwegischen Recht geforderten Standard entspricht. Sie werden \u00fcber solche Aktualisierungen informiert.<\/span><\/p><p><b>Kontaktinformationen<\/b><\/p><p><span style=\"font-weight: 400;\">Wenn Sie weitere Fragen zur Datenschutzpolitik von Sandviken Camping oder andere Anliegen haben, wenden Sie sich bitte an das Unternehmen.<\/span><\/p><p><span style=\"font-weight: 400;\">Mail:post@sjofront.no<\/span><\/p>\t\t\t\t\t\t\t\t<\/div>\n\t\t\t\t\t<\/div>\n\t\t\t\t<\/div>\n\t\t\t\t<\/div>","protected":false},"excerpt":{"rendered":"<p>Personvern Personvernerkl\u00e6ring for Sandviken Camping og www.sandviken-camping.no Denne personvernerkl\u00e6ringen beskriver hva slags personopplysninger Sandviken Camping samler inn og hvordan disse personopplysningene behandles. Sandviken Camping forholder seg til den norske personopplysningsloven. Denne personvernerkl\u00e6ringen er laget etter kravene i personopplysningsloven \u00a7\u00a7 18 og 19. Hva er personopplysninger Personopplysninger er informasjon om den enkelte person. Dette kan v\u00e6re [&hellip;]<\/p>\n","protected":false},"author":1,"featured_media":0,"parent":0,"menu_order":0,"comment_status":"closed","ping_status":"closed","template":"","meta":{"_acf_changed":false,"footnotes":""},"class_list":["post-1570","page","type-page","status-publish","hentry"],"acf":[],"_links":{"self":[{"href":"https:\/\/sandviken-camping.no\/de\/wp-json\/wp\/v2\/pages\/1570","targetHints":{"allow":["GET"]}}],"collection":[{"href":"https:\/\/sandviken-camping.no\/de\/wp-json\/wp\/v2\/pages"}],"about":[{"href":"https:\/\/sandviken-camping.no\/de\/wp-json\/wp\/v2\/types\/page"}],"author":[{"embeddable":true,"href":"https:\/\/sandviken-camping.no\/de\/wp-json\/wp\/v2\/users\/1"}],"replies":[{"embeddable":true,"href":"https:\/\/sandviken-camping.no\/de\/wp-json\/wp\/v2\/comments?post=1570"}],"version-history":[{"count":0,"href":"https:\/\/sandviken-camping.no\/de\/wp-json\/wp\/v2\/pages\/1570\/revisions"}],"wp:attachment":[{"href":"https:\/\/sandviken-camping.no\/de\/wp-json\/wp\/v2\/media?parent=1570"}],"curies":[{"name":"wp","href":"https:\/\/api.w.org\/{rel}","templated":true}]}}