{"id":26,"date":"2026-02-17T13:09:37","date_gmt":"2026-02-17T12:09:37","guid":{"rendered":"https:\/\/sandvikencamping.hornstaging.no\/?page_id=26"},"modified":"2026-03-23T08:57:06","modified_gmt":"2026-03-23T07:57:06","slug":"oko-typ","status":"publish","type":"page","link":"https:\/\/sandviken-camping.no\/de\/litt-gronnere\/miljofyrtarn\/","title":{"rendered":"Zertifizierter"},"content":{"rendered":"<div data-elementor-type=\"wp-page\" data-elementor-id=\"26\" class=\"elementor elementor-26\" data-elementor-post-type=\"page\">\n\t\t\t\t<div class=\"elementor-element elementor-element-bfa03ce e-flex e-con-boxed e-con e-child\" data-id=\"bfa03ce\" data-element_type=\"container\" data-e-type=\"container\" data-settings=\"{&quot;background_background&quot;:&quot;classic&quot;}\">\n\t\t\t\t\t<div class=\"e-con-inner\">\n\t\t<div class=\"elementor-element elementor-element-9c3ab8f e-con-full e-flex e-con e-child\" data-id=\"9c3ab8f\" data-element_type=\"container\" data-e-type=\"container\">\n\t\t<div class=\"elementor-element elementor-element-a91d5a6 e-con-full e-flex elementor-invisible e-con e-child\" data-id=\"a91d5a6\" data-element_type=\"container\" data-e-type=\"container\" data-settings=\"{&quot;animation&quot;:&quot;fadeIn&quot;}\">\n\t\t\t\t<div class=\"elementor-element elementor-element-371c704 elementor-widget elementor-widget-heading\" data-id=\"371c704\" data-element_type=\"widget\" data-e-type=\"widget\" data-widget_type=\"heading.default\">\n\t\t\t\t\t<h1 class=\"elementor-heading-title elementor-size-default\">Eco-Lighthouse - unser Versprechen an die Zukunft<\/h1>\t\t\t\t<\/div>\n\t\t\t\t<div class=\"elementor-element elementor-element-f50feb4 elementor-widget elementor-widget-text-editor\" data-id=\"f50feb4\" data-element_type=\"widget\" data-e-type=\"widget\" data-widget_type=\"text-editor.default\">\n\t\t\t\t\t\t\t\t\t<p>Als zertifiziertes Eco-Lighthouse \u00fcbernehmen wir Verantwortung f\u00fcr unseren Fu\u00dfabdruck. Wir arbeiten jeden Tag hart daran, unsere Umweltauswirkungen durch intelligente Energiel\u00f6sungen, strenge M\u00fclltrennung und enge Zusammenarbeit mit lokalen Lieferanten zu reduzieren, damit Sie mit gutem Gewissen Urlaub machen k\u00f6nnen.<\/p>\t\t\t\t\t\t\t\t<\/div>\n\t\t<div class=\"elementor-element elementor-element-5871c6b e-con-full e-flex e-con e-child\" data-id=\"5871c6b\" data-element_type=\"container\" data-e-type=\"container\">\n\t\t\t\t<div class=\"elementor-element elementor-element-1624265 elementor-align-right elementor-mobile-align-justify elementor-widget elementor-widget-button\" data-id=\"1624265\" data-element_type=\"widget\" data-e-type=\"widget\" data-widget_type=\"button.default\">\n\t\t\t\t\t\t\t\t\t\t<a class=\"elementor-button elementor-button-link elementor-size-sm\" href=\"\/de\/unterkunft\/\">\n\t\t\t\t\t\t<span class=\"elementor-button-content-wrapper\">\n\t\t\t\t\t\t<span class=\"elementor-button-icon\">\n\t\t\t\t<svg aria-hidden=\"true\" class=\"e-font-icon-svg e-fas-caret-right\" viewbox=\"0 0 192 512\" xmlns=\"http:\/\/www.w3.org\/2000\/svg\"><path d=\"M0 384.662V127.338c0-17.818 21.543-26.741 34.142-14.142l128.662 128.662c7.81 7.81 7.81 20.474 0 28.284L34.142 398.804C21.543 411.404 0 402.48 0 384.662z\"><\/path><\/svg>\t\t\t<\/span>\n\t\t\t\t\t\t\t\t\t<span class=\"elementor-button-text\">Unsere \u00dcbernachtungsm\u00f6glichkeiten<\/span>\n\t\t\t\t\t<\/span>\n\t\t\t\t\t<\/a>\n\t\t\t\t\t\t\t\t<\/div>\n\t\t\t\t<div class=\"elementor-element elementor-element-04f1887 elementor-align-right elementor-mobile-align-justify elementor-widget elementor-widget-button\" data-id=\"04f1887\" data-element_type=\"widget\" data-e-type=\"widget\" data-widget_type=\"button.default\">\n\t\t\t\t\t\t\t\t\t\t<a class=\"elementor-button elementor-button-link elementor-size-sm\" href=\"https:\/\/reservations.bookvisit.com\/accommodation?channelId=82490956-1703-4a62-8c71-69d4a8e8c57a&#038;culture=nb\" target=\"_blank\" rel=\"noopener\">\n\t\t\t\t\t\t<span class=\"elementor-button-content-wrapper\">\n\t\t\t\t\t\t<span class=\"elementor-button-icon\">\n\t\t\t\t<svg aria-hidden=\"true\" class=\"e-font-icon-svg e-fas-caret-right\" viewbox=\"0 0 192 512\" xmlns=\"http:\/\/www.w3.org\/2000\/svg\"><path d=\"M0 384.662V127.338c0-17.818 21.543-26.741 34.142-14.142l128.662 128.662c7.81 7.81 7.81 20.474 0 28.284L34.142 398.804C21.543 411.404 0 402.48 0 384.662z\"><\/path><\/svg>\t\t\t<\/span>\n\t\t\t\t\t\t\t\t\t<span class=\"elementor-button-text\">Unterkunft buchen<\/span>\n\t\t\t\t\t<\/span>\n\t\t\t\t\t<\/a>\n\t\t\t\t\t\t\t\t<\/div>\n\t\t\t\t<\/div>\n\t\t\t\t<\/div>\n\t\t\t\t<\/div>\n\t\t\t\t\t<\/div>\n\t\t\t\t<\/div>\n\t\t<div class=\"elementor-element elementor-element-c41da53 e-flex e-con-boxed e-con e-parent\" data-id=\"c41da53\" data-element_type=\"container\" data-e-type=\"container\">\n\t\t\t\t\t<div class=\"e-con-inner\">\n\t\t<div class=\"elementor-element elementor-element-e2724cf e-grid e-con-full e-con e-child\" data-id=\"e2724cf\" data-element_type=\"container\" data-e-type=\"container\">\n\t\t<div class=\"elementor-element elementor-element-39319c4 e-con-full e-flex e-con e-child\" data-id=\"39319c4\" data-element_type=\"container\" data-e-type=\"container\">\n\t\t<div class=\"elementor-element elementor-element-5e80c80 e-con-full e-flex elementor-invisible e-con e-child\" data-id=\"5e80c80\" data-element_type=\"container\" data-e-type=\"container\" data-settings=\"{&quot;animation&quot;:&quot;fadeIn&quot;}\">\n\t\t\t\t<div class=\"elementor-element elementor-element-00d1bdc elementor-widget elementor-widget-heading\" data-id=\"00d1bdc\" data-element_type=\"widget\" data-e-type=\"widget\" data-widget_type=\"heading.default\">\n\t\t\t\t\t<h2 class=\"elementor-heading-title elementor-size-default\">Ein umweltfreundlicheres Campingerlebnis<\/h2>\t\t\t\t<\/div>\n\t\t\t\t<div class=\"elementor-element elementor-element-1292aee elementor-widget elementor-widget-text-editor\" data-id=\"1292aee\" data-element_type=\"widget\" data-e-type=\"widget\" data-widget_type=\"text-editor.default\">\n\t\t\t\t\t\t\t\t\t<p data-path-to-node=\"6\">Sandviken Camping ist stolz darauf, Teil des Eco-Lighthouse-Programms zu sein. F\u00fcr uns ist dies mehr als nur ein Diplom an der Wand; es ist ein Managementinstrument, das uns hilft, uns um die Natur zu k\u00fcmmern, von der wir leben. Wir haben uns zu strengen Anforderungen in den Bereichen Energieverbrauch, Abfallmanagement, Transport und Arbeitsumgebung verpflichtet. Das bedeutet unter anderem, dass wir umweltfreundliche Eink\u00e4ufe bevorzugen und aktiv daran arbeiten, den unn\u00f6tigen Gebrauch von Plastik zu beenden.<\/p><p data-path-to-node=\"7\">Im Laufe der Jahre haben wir mehrere Ma\u00dfnahmen umgesetzt, die sowohl der Umwelt als auch unseren G\u00e4sten zugute kommen. So haben wir beispielsweise die Verwendung von Einweggrills auf dem gesamten Gel\u00e4nde abgeschafft und bieten Brennholz aus unserem eigenen Wald an, um die Transportemissionen zu verringern. Wenn Sie sich f\u00fcr einen Eco-Lighthouse-Betrieb entscheiden, leisten Sie einen direkten Beitrag zu einem nachhaltigeren Tourismus in Telemark.<\/p>\t\t\t\t\t\t\t\t<\/div>\n\t\t\t\t<div class=\"elementor-element elementor-element-af72d54 elementor-widget elementor-widget-heading\" data-id=\"af72d54\" data-element_type=\"widget\" data-e-type=\"widget\" data-widget_type=\"heading.default\">\n\t\t\t\t\t<h3 class=\"elementor-heading-title elementor-size-default\">Wir w\u00fcrden gerne von Ihnen h\u00f6ren<\/h3>\t\t\t\t<\/div>\n\t\t\t\t<div class=\"elementor-element elementor-element-f4ed9b4 elementor-widget elementor-widget-text-editor\" data-id=\"f4ed9b4\" data-element_type=\"widget\" data-e-type=\"widget\" data-widget_type=\"text-editor.default\">\n\t\t\t\t\t\t\t\t\t<p data-path-to-node=\"10\">Im Rahmen unserer Zertifizierung ver\u00f6ffentlichen wir j\u00e4hrlich einen Klima- und Umweltbericht, der unsere Ziele und Ergebnisse aufzeigt. Wir arbeiten st\u00e4ndig an Verbesserungen, und Ihr Input als Gast ist f\u00fcr uns sehr wertvoll.<\/p><ul data-path-to-node=\"11\"><li><p data-path-to-node=\"11,0,0\"><b data-path-to-node=\"11,0,0\" data-index-in-node=\"0\">Eingabe:<\/b> Haben Sie Vorschl\u00e4ge, wie wir noch umweltfreundlicher werden k\u00f6nnen? Schicken Sie uns eine E-Mail oder sprechen Sie uns an der Rezeption an.<\/p><\/li><li><p data-path-to-node=\"11,2,0\"><b data-path-to-node=\"11,2,0\" data-index-in-node=\"0\">Gemeinsame Anstrengungen:<\/b> Indem Sie unsere Umweltstationen zur M\u00fclltrennung nutzen und w\u00e4hrend Ihres Aufenthalts Wasser und Strom sparen, tragen Sie dazu bei, etwas zu bewirken.<\/p><\/li><\/ul>\t\t\t\t\t\t\t\t<\/div>\n\t\t\t\t<div class=\"elementor-element elementor-element-8e117c1 elementor-align-left elementor-mobile-align-justify elementor-widget elementor-widget-button\" data-id=\"8e117c1\" data-element_type=\"widget\" data-e-type=\"widget\" data-widget_type=\"button.default\">\n\t\t\t\t\t\t\t\t\t\t<a class=\"elementor-button elementor-button-link elementor-size-sm\" href=\"https:\/\/rapportering.miljofyrtarn.no\/stats\/169751\" target=\"_blank\" rel=\"noopener\">\n\t\t\t\t\t\t<span class=\"elementor-button-content-wrapper\">\n\t\t\t\t\t\t<span class=\"elementor-button-icon\">\n\t\t\t\t<svg aria-hidden=\"true\" class=\"e-font-icon-svg e-fas-caret-right\" viewbox=\"0 0 192 512\" xmlns=\"http:\/\/www.w3.org\/2000\/svg\"><path d=\"M0 384.662V127.338c0-17.818 21.543-26.741 34.142-14.142l128.662 128.662c7.81 7.81 7.81 20.474 0 28.284L34.142 398.804C21.543 411.404 0 402.48 0 384.662z\"><\/path><\/svg>\t\t\t<\/span>\n\t\t\t\t\t\t\t\t\t<span class=\"elementor-button-text\">Siehe unseren Umwelt-Leuchtturmbericht<\/span>\n\t\t\t\t\t<\/span>\n\t\t\t\t\t<\/a>\n\t\t\t\t\t\t\t\t<\/div>\n\t\t\t\t<\/div>\n\t\t\t\t<\/div>\n\t\t<div class=\"elementor-element elementor-element-8bd5d92 e-con-full e-flex elementor-invisible e-con e-child\" data-id=\"8bd5d92\" data-element_type=\"container\" data-e-type=\"container\" data-settings=\"{&quot;animation&quot;:&quot;fadeIn&quot;}\">\n\t\t\t\t<div class=\"elementor-element elementor-element-b4ef884 elementor-widget elementor-widget-image\" data-id=\"b4ef884\" data-element_type=\"widget\" data-e-type=\"widget\" data-widget_type=\"image.default\">\n\t\t\t\t\t\t\t\t\t\t\t\t\t\t\t<img fetchpriority=\"high\" decoding=\"async\" width=\"2048\" height=\"1366\" src=\"https:\/\/sandviken-camping.no\/wp-content\/uploads\/2026\/02\/IMG_0163-scaled.jpg\" class=\"attachment-full size-full wp-image-979\" alt=\"Von energiesparender Beleuchtung bis hin zu ungiftigen Reinigungsmitteln - wir treffen bewusste Entscheidungen zum Schutz der Umwelt. Bei uns k\u00f6nnen Sie mit gutem Gewissen Urlaub machen, denn wir sind uns unserer Verantwortung f\u00fcr die Umwelt bewusst.\" srcset=\"https:\/\/sandviken-camping.no\/wp-content\/uploads\/2026\/02\/IMG_0163-scaled.jpg 2048w, https:\/\/sandviken-camping.no\/wp-content\/uploads\/2026\/02\/IMG_0163-300x200.jpg 300w, https:\/\/sandviken-camping.no\/wp-content\/uploads\/2026\/02\/IMG_0163-1024x683.jpg 1024w, https:\/\/sandviken-camping.no\/wp-content\/uploads\/2026\/02\/IMG_0163-768x512.jpg 768w, https:\/\/sandviken-camping.no\/wp-content\/uploads\/2026\/02\/IMG_0163-1536x1024.jpg 1536w\" sizes=\"(max-width: 2048px) 100vw, 2048px\" \/>\t\t\t\t\t\t\t\t\t\t\t\t\t\t\t<\/div>\n\t\t\t\t<\/div>\n\t\t\t\t<\/div>\n\t\t\t\t\t<\/div>\n\t\t\t\t<\/div>\n\t\t\t\t<\/div>","protected":false},"excerpt":{"rendered":"<p>Als zertifiziertes \u00d6ko-Leuchtturm arbeiten wir jeden Tag f\u00fcr einen umweltfreundlicheren Betrieb. Wir sortieren an der Quelle, sparen Energie und ermutigen Sie als Gast, uns dabei zu helfen.<\/p>","protected":false},"author":1,"featured_media":880,"parent":25,"menu_order":0,"comment_status":"closed","ping_status":"closed","template":"","meta":{"_acf_changed":false,"footnotes":""},"class_list":["post-26","page","type-page","status-publish","has-post-thumbnail","hentry"],"acf":[],"_links":{"self":[{"href":"https:\/\/sandviken-camping.no\/de\/wp-json\/wp\/v2\/pages\/26","targetHints":{"allow":["GET"]}}],"collection":[{"href":"https:\/\/sandviken-camping.no\/de\/wp-json\/wp\/v2\/pages"}],"about":[{"href":"https:\/\/sandviken-camping.no\/de\/wp-json\/wp\/v2\/types\/page"}],"author":[{"embeddable":true,"href":"https:\/\/sandviken-camping.no\/de\/wp-json\/wp\/v2\/users\/1"}],"replies":[{"embeddable":true,"href":"https:\/\/sandviken-camping.no\/de\/wp-json\/wp\/v2\/comments?post=26"}],"version-history":[{"count":0,"href":"https:\/\/sandviken-camping.no\/de\/wp-json\/wp\/v2\/pages\/26\/revisions"}],"up":[{"embeddable":true,"href":"https:\/\/sandviken-camping.no\/de\/wp-json\/wp\/v2\/pages\/25"}],"wp:featuredmedia":[{"embeddable":true,"href":"https:\/\/sandviken-camping.no\/de\/wp-json\/wp\/v2\/media\/880"}],"wp:attachment":[{"href":"https:\/\/sandviken-camping.no\/de\/wp-json\/wp\/v2\/media?parent=26"}],"curies":[{"name":"wp","href":"https:\/\/api.w.org\/{rel}","templated":true}]}}