{"id":29,"date":"2026-02-17T13:10:03","date_gmt":"2026-02-17T12:10:03","guid":{"rendered":"https:\/\/sandvikencamping.hornstaging.no\/?page_id=29"},"modified":"2026-03-23T08:57:00","modified_gmt":"2026-03-23T07:57:00","slug":"lokal-handeln","status":"publish","type":"page","link":"https:\/\/sandviken-camping.no\/de\/litt-gronnere\/handle-lokalt\/","title":{"rendered":"Lokal einkaufen"},"content":{"rendered":"<div data-elementor-type=\"wp-page\" data-elementor-id=\"29\" class=\"elementor elementor-29\" data-elementor-post-type=\"page\">\n\t\t\t\t<div class=\"elementor-element elementor-element-b248032 e-flex e-con-boxed e-con e-child\" data-id=\"b248032\" data-element_type=\"container\" data-e-type=\"container\" data-settings=\"{&quot;background_background&quot;:&quot;classic&quot;}\">\n\t\t\t\t\t<div class=\"e-con-inner\">\n\t\t<div class=\"elementor-element elementor-element-51fc19f e-con-full e-flex e-con e-child\" data-id=\"51fc19f\" data-element_type=\"container\" data-e-type=\"container\">\n\t\t<div class=\"elementor-element elementor-element-bc685e1 e-con-full e-flex elementor-invisible e-con e-child\" data-id=\"bc685e1\" data-element_type=\"container\" data-e-type=\"container\" data-settings=\"{&quot;animation&quot;:&quot;fadeIn&quot;}\">\n\t\t\t\t<div class=\"elementor-element elementor-element-41cafe2 elementor-widget elementor-widget-heading\" data-id=\"41cafe2\" data-element_type=\"widget\" data-e-type=\"widget\" data-widget_type=\"heading.default\">\n\t\t\t\t\t<h1 class=\"elementor-heading-title elementor-size-default\">Lokal einkaufen<\/h1>\t\t\t\t<\/div>\n\t\t\t\t<div class=\"elementor-element elementor-element-04d4a2f elementor-widget elementor-widget-text-editor\" data-id=\"04d4a2f\" data-element_type=\"widget\" data-e-type=\"widget\" data-widget_type=\"text-editor.default\">\n\t\t\t\t\t\t\t\t\tWenn Sie bei unseren Nachbarn in Austbygde einkaufen, unterst\u00fctzen Sie eine lebendige lokale Gemeinschaft. Genie\u00dfen Sie frische Backwaren aus der B\u00e4ckerei oder preisgekr\u00f6nte regionale Lebensmittel von den Bauernh\u00f6fen in unserer Umgebung.\t\t\t\t\t\t\t\t<\/div>\n\t\t<div class=\"elementor-element elementor-element-349a937 e-con-full e-flex e-con e-child\" data-id=\"349a937\" data-element_type=\"container\" data-e-type=\"container\">\n\t\t\t\t<div class=\"elementor-element elementor-element-b2a7047 elementor-align-right elementor-mobile-align-justify elementor-widget elementor-widget-button\" data-id=\"b2a7047\" data-element_type=\"widget\" data-e-type=\"widget\" data-widget_type=\"button.default\">\n\t\t\t\t\t\t\t\t\t\t<a class=\"elementor-button elementor-button-link elementor-size-sm\" href=\"\/de\/unterkunft\/\">\n\t\t\t\t\t\t<span class=\"elementor-button-content-wrapper\">\n\t\t\t\t\t\t<span class=\"elementor-button-icon\">\n\t\t\t\t<svg aria-hidden=\"true\" class=\"e-font-icon-svg e-fas-caret-right\" viewbox=\"0 0 192 512\" xmlns=\"http:\/\/www.w3.org\/2000\/svg\"><path d=\"M0 384.662V127.338c0-17.818 21.543-26.741 34.142-14.142l128.662 128.662c7.81 7.81 7.81 20.474 0 28.284L34.142 398.804C21.543 411.404 0 402.48 0 384.662z\"><\/path><\/svg>\t\t\t<\/span>\n\t\t\t\t\t\t\t\t\t<span class=\"elementor-button-text\">Unsere \u00dcbernachtungsm\u00f6glichkeiten<\/span>\n\t\t\t\t\t<\/span>\n\t\t\t\t\t<\/a>\n\t\t\t\t\t\t\t\t<\/div>\n\t\t\t\t<div class=\"elementor-element elementor-element-ddd0973 elementor-align-right elementor-mobile-align-justify elementor-widget elementor-widget-button\" data-id=\"ddd0973\" data-element_type=\"widget\" data-e-type=\"widget\" data-widget_type=\"button.default\">\n\t\t\t\t\t\t\t\t\t\t<a class=\"elementor-button elementor-button-link elementor-size-sm\" href=\"https:\/\/reservations.bookvisit.com\/accommodation?channelId=82490956-1703-4a62-8c71-69d4a8e8c57a&#038;culture=nb\" target=\"_blank\" rel=\"noopener\">\n\t\t\t\t\t\t<span class=\"elementor-button-content-wrapper\">\n\t\t\t\t\t\t<span class=\"elementor-button-icon\">\n\t\t\t\t<svg aria-hidden=\"true\" class=\"e-font-icon-svg e-fas-caret-right\" viewbox=\"0 0 192 512\" xmlns=\"http:\/\/www.w3.org\/2000\/svg\"><path d=\"M0 384.662V127.338c0-17.818 21.543-26.741 34.142-14.142l128.662 128.662c7.81 7.81 7.81 20.474 0 28.284L34.142 398.804C21.543 411.404 0 402.48 0 384.662z\"><\/path><\/svg>\t\t\t<\/span>\n\t\t\t\t\t\t\t\t\t<span class=\"elementor-button-text\">Unterkunft buchen<\/span>\n\t\t\t\t\t<\/span>\n\t\t\t\t\t<\/a>\n\t\t\t\t\t\t\t\t<\/div>\n\t\t\t\t<\/div>\n\t\t\t\t<\/div>\n\t\t\t\t<\/div>\n\t\t\t\t\t<\/div>\n\t\t\t\t<\/div>\n\t\t<div class=\"elementor-element elementor-element-2cd44c4 e-flex e-con-boxed e-con e-parent\" data-id=\"2cd44c4\" data-element_type=\"container\" data-e-type=\"container\">\n\t\t\t\t\t<div class=\"e-con-inner\">\n\t\t<div class=\"elementor-element elementor-element-7dfc6f5 e-grid e-con-full e-con e-child\" data-id=\"7dfc6f5\" data-element_type=\"container\" data-e-type=\"container\">\n\t\t<div class=\"elementor-element elementor-element-71c043c e-con-full e-flex e-con e-child\" data-id=\"71c043c\" data-element_type=\"container\" data-e-type=\"container\">\n\t\t<div class=\"elementor-element elementor-element-08211fd e-con-full e-flex elementor-invisible e-con e-child\" data-id=\"08211fd\" data-element_type=\"container\" data-e-type=\"container\" data-settings=\"{&quot;animation&quot;:&quot;fadeIn&quot;}\">\n\t\t\t\t<div class=\"elementor-element elementor-element-253dc72 elementor-widget elementor-widget-heading\" data-id=\"253dc72\" data-element_type=\"widget\" data-e-type=\"widget\" data-widget_type=\"heading.default\">\n\t\t\t\t\t<h2 class=\"elementor-heading-title elementor-size-default\">Lokal einkaufen - unser Dorf unterst\u00fctzen<\/h2>\t\t\t\t<\/div>\n\t\t\t\t<div class=\"elementor-element elementor-element-af0b6f9 elementor-widget elementor-widget-text-editor\" data-id=\"af0b6f9\" data-element_type=\"widget\" data-e-type=\"widget\" data-widget_type=\"text-editor.default\">\n\t\t\t\t\t\t\t\t\t<p data-path-to-node=\"6\">Wenn Sie vor Ort einkaufen, tragen Sie zu einer lebendigen Gemeinschaft in Tinn bei. Von frischen Backwaren in Austbygde \u00fcber preisgekr\u00f6nte Produkte vom Bauernhof bis hin zu einzigartigen Nischengesch\u00e4ften finden Sie in unmittelbarer N\u00e4he alles, was Sie f\u00fcr einen schmackhaften und erf\u00fcllenden Aufenthalt brauchen.<\/p>\t\t\t\t\t\t\t\t<\/div>\n\t\t\t\t<div class=\"elementor-element elementor-element-98bd069 elementor-widget elementor-widget-heading\" data-id=\"98bd069\" data-element_type=\"widget\" data-e-type=\"widget\" data-widget_type=\"heading.default\">\n\t\t\t\t\t<h3 class=\"elementor-heading-title elementor-size-default\">Lebensmittell\u00e4den und verkaufsoffene Sonntage<\/h3>\t\t\t\t<\/div>\n\t\t\t\t<div class=\"elementor-element elementor-element-edab521 elementor-widget elementor-widget-text-editor\" data-id=\"edab521\" data-element_type=\"widget\" data-e-type=\"widget\" data-widget_type=\"text-editor.default\">\n\t\t\t\t\t\t\t\t\t<p data-path-to-node=\"6\">In den Sommermonaten (Juni, Juli und August) ist es einfach, einzukaufen, da die meisten Gesch\u00e4fte in der Gegend sonntags von 10-18 Uhr ge\u00f6ffnet sind.<\/p><ul data-path-to-node=\"7\"><li><p data-path-to-node=\"7,0,0\"><b data-path-to-node=\"7,0,0\" data-index-in-node=\"0\"><a href=\"https:\/\/www.facebook.com\/KIWIAustbygd\/%20\" target=\"_blank\" rel=\"noopener\">Kiwi Austbygd<\/a> (1 km \u00f6stlich):<\/b> Unser n\u00e4chster Laden. Direkt von der nord\u00f6stlichen Ecke des Campingplatzes aus k\u00f6nnen Sie den idyllischen \u00ab\u00d8yan\u00bb-Weg gehen. Hier finden Sie auch eine Tankstelle, einen Friseur und das beliebte <b data-path-to-node=\"7,0,0\" data-index-in-node=\"189\">Austbygde B\u00e4ckerei<\/b>.<\/p><\/li><li><p data-path-to-node=\"7,1,0\"><b data-path-to-node=\"7,1,0\" data-index-in-node=\"0\"><a href=\"https:\/\/www.facebook.com\/atraahandelslag\/?locale=nb_NO%20\" target=\"_blank\" rel=\"noopener\">Spar Atr\u00e5<\/a> (5 Kilometer westlich):<\/b> Ein umfangreicher Laden mit eigener Frischetheke, lokalen Produkten, Postamt und einer umfangreichen Eisenwarenabteilung mit allem, was das Herz begehrt, von Werkzeugen bis zu Strickwaren.<\/p><\/li><li><p data-path-to-node=\"7,2,0\"><b data-path-to-node=\"7,2,0\" data-index-in-node=\"0\"><a href=\"https:\/\/www.facebook.com\/gavlenfjellhandel\/?locale=nb_NO%20\" target=\"_blank\" rel=\"noopener\">Gavlen Mountain Shop<\/a> (20 Kilometer n\u00f6rdlich):<\/b> Ideal f\u00fcr alle, die in die Berge fahren oder von dort kommen. Der Laden ist in Selbstbedienung und t\u00e4glich von 06-24 Uhr ge\u00f6ffnet!<\/p><\/li><\/ul>\t\t\t\t\t\t\t\t<\/div>\n\t\t\t\t<\/div>\n\t\t\t\t<\/div>\n\t\t<div class=\"elementor-element elementor-element-8894a23 e-con-full e-flex elementor-invisible e-con e-child\" data-id=\"8894a23\" data-element_type=\"container\" data-e-type=\"container\" data-settings=\"{&quot;animation&quot;:&quot;fadeIn&quot;}\">\n\t\t\t\t<div class=\"elementor-element elementor-element-03501d5 elementor-widget elementor-widget-image\" data-id=\"03501d5\" data-element_type=\"widget\" data-e-type=\"widget\" data-widget_type=\"image.default\">\n\t\t\t\t\t\t\t\t\t\t\t\t\t\t\t<img fetchpriority=\"high\" decoding=\"async\" width=\"2048\" height=\"1366\" src=\"https:\/\/sandviken-camping.no\/wp-content\/uploads\/2026\/02\/Resepsjon-Annette-og-Smeets-scaled.jpg\" class=\"attachment-full size-full wp-image-903\" alt=\"Genie\u00dfen Sie frisch gebr\u00fchten Kaffee und selbstgebackene Leckereien in unserem gem\u00fctlichen Caf\u00e9. Hier am See Tinnsj\u00f8en servieren wir mit Liebe zubereitete Speisen, perfekt nach einem aktiven Tag.\" srcset=\"https:\/\/sandviken-camping.no\/wp-content\/uploads\/2026\/02\/Resepsjon-Annette-og-Smeets-scaled.jpg 2048w, https:\/\/sandviken-camping.no\/wp-content\/uploads\/2026\/02\/Resepsjon-Annette-og-Smeets-300x200.jpg 300w, https:\/\/sandviken-camping.no\/wp-content\/uploads\/2026\/02\/Resepsjon-Annette-og-Smeets-1024x683.jpg 1024w, https:\/\/sandviken-camping.no\/wp-content\/uploads\/2026\/02\/Resepsjon-Annette-og-Smeets-768x512.jpg 768w, https:\/\/sandviken-camping.no\/wp-content\/uploads\/2026\/02\/Resepsjon-Annette-og-Smeets-1536x1025.jpg 1536w\" sizes=\"(max-width: 2048px) 100vw, 2048px\" \/>\t\t\t\t\t\t\t\t\t\t\t\t\t\t\t<\/div>\n\t\t\t\t<\/div>\n\t\t\t\t<\/div>\n\t\t\t\t\t<\/div>\n\t\t\t\t<\/div>\n\t\t<div class=\"elementor-element elementor-element-7657986 e-con-full e-flex elementor-invisible e-con e-parent\" data-id=\"7657986\" data-element_type=\"container\" data-e-type=\"container\" data-settings=\"{&quot;animation&quot;:&quot;fadeInUp&quot;}\">\n\t\t<div class=\"elementor-element elementor-element-ec29e7e e-flex e-con-boxed e-con e-child\" data-id=\"ec29e7e\" data-element_type=\"container\" data-e-type=\"container\" data-settings=\"{&quot;background_background&quot;:&quot;classic&quot;}\">\n\t\t\t\t\t<div class=\"e-con-inner\">\n\t\t<div class=\"elementor-element elementor-element-34d54f1 e-grid e-con-full e-con e-child\" data-id=\"34d54f1\" data-element_type=\"container\" data-e-type=\"container\">\n\t\t<div class=\"elementor-element elementor-element-3ee9685 e-con-full e-flex elementor-invisible e-con e-child\" data-id=\"3ee9685\" data-element_type=\"container\" data-e-type=\"container\" data-settings=\"{&quot;animation&quot;:&quot;fadeIn&quot;}\">\n\t\t\t\t<div class=\"elementor-element elementor-element-d0d8da8 elementor-widget elementor-widget-image\" data-id=\"d0d8da8\" data-element_type=\"widget\" data-e-type=\"widget\" data-widget_type=\"image.default\">\n\t\t\t\t\t\t\t\t\t\t\t\t\t\t\t<img decoding=\"async\" width=\"1366\" height=\"2048\" src=\"https:\/\/sandviken-camping.no\/wp-content\/uploads\/2026\/02\/Aktivitet-Seterliv-barnpataket-scaled.jpg\" class=\"attachment-full size-full wp-image-860\" alt=\"Von traditionellem Kunsthandwerk bei Haugen Treindustri bis hin zu Lebensmitteln bei Spar bieten unsere \u00f6rtlichen Gesch\u00e4fte alles, was Sie f\u00fcr einen erfolgreichen und nachhaltigen Aufenthalt bei uns brauchen.\" srcset=\"https:\/\/sandviken-camping.no\/wp-content\/uploads\/2026\/02\/Aktivitet-Seterliv-barnpataket-scaled.jpg 1366w, https:\/\/sandviken-camping.no\/wp-content\/uploads\/2026\/02\/Aktivitet-Seterliv-barnpataket-200x300.jpg 200w, https:\/\/sandviken-camping.no\/wp-content\/uploads\/2026\/02\/Aktivitet-Seterliv-barnpataket-683x1024.jpg 683w, https:\/\/sandviken-camping.no\/wp-content\/uploads\/2026\/02\/Aktivitet-Seterliv-barnpataket-768x1151.jpg 768w, https:\/\/sandviken-camping.no\/wp-content\/uploads\/2026\/02\/Aktivitet-Seterliv-barnpataket-1025x1536.jpg 1025w\" sizes=\"(max-width: 1366px) 100vw, 1366px\" \/>\t\t\t\t\t\t\t\t\t\t\t\t\t\t\t<\/div>\n\t\t\t\t<\/div>\n\t\t<div class=\"elementor-element elementor-element-bfe0d04 e-con-full e-flex e-con e-child\" data-id=\"bfe0d04\" data-element_type=\"container\" data-e-type=\"container\">\n\t\t<div class=\"elementor-element elementor-element-d9e3b66 e-con-full e-flex elementor-invisible e-con e-child\" data-id=\"d9e3b66\" data-element_type=\"container\" data-e-type=\"container\" data-settings=\"{&quot;animation&quot;:&quot;fadeIn&quot;}\">\n\t\t\t\t<div class=\"elementor-element elementor-element-b2a2536 elementor-widget elementor-widget-heading\" data-id=\"b2a2536\" data-element_type=\"widget\" data-e-type=\"widget\" data-widget_type=\"heading.default\">\n\t\t\t\t\t<h2 class=\"elementor-heading-title elementor-size-default\">Die besten Geschmacksrichtungen der Welt von Tinn<\/h2>\t\t\t\t<\/div>\n\t\t\t\t<div class=\"elementor-element elementor-element-96b4ab7 elementor-widget elementor-widget-text-editor\" data-id=\"96b4ab7\" data-element_type=\"widget\" data-e-type=\"widget\" data-widget_type=\"text-editor.default\">\n\t\t\t\t\t\t\t\t\t<p data-path-to-node=\"10\">Wir sind unglaublich stolz auf die Lebensmittelproduzenten in unserer Nachbarschaft. Wenn Sie hier einkaufen, erhalten Sie erstklassige Produkte direkt vom Bauern:<\/p><ul data-path-to-node=\"11\"><li><p data-path-to-node=\"11,0,0\"><b data-path-to-node=\"11,0,0\" data-index-in-node=\"0\"><a href=\"https:\/\/www.stordalengardsbruk.no\/\" target=\"_blank\" rel=\"noopener\">Stordalen Farming<\/a>:<\/b> Hier wird der beste braune K\u00e4se der Welt hergestellt - ein Geschmackserlebnis, das man unbedingt probieren sollte!<\/p><\/li><li><p data-path-to-node=\"11,1,0\"><b data-path-to-node=\"11,1,0\" data-index-in-node=\"0\"><a href=\"https:\/\/www.facebook.com\/people\/Honning-fra-Eggerud-og-Midtgard\" target=\"_blank\" rel=\"noopener\">Bauernhof Eggerud und Midtgard<\/a>:<\/b> Bekannt f\u00fcr seinen fantastischen Honig, der das Aroma der reinen Natur von Austbygde in sich tr\u00e4gt.<\/p><\/li><li><p data-path-to-node=\"11,2,0\"><b data-path-to-node=\"11,2,0\" data-index-in-node=\"0\">Lokale Lebensmittel in den Gesch\u00e4ften:<\/b> Achten Sie beim Einkauf bei Spar Atr\u00e5 auf einheimische Marken, denn hier werden die Lebensmittelsch\u00e4tze aus Tinn besonders gut pr\u00e4sentiert.<\/p><\/li><\/ul>\t\t\t\t\t\t\t\t<\/div>\n\t\t\t\t<div class=\"elementor-element elementor-element-a7034f7 elementor-widget elementor-widget-heading\" data-id=\"a7034f7\" data-element_type=\"widget\" data-e-type=\"widget\" data-widget_type=\"heading.default\">\n\t\t\t\t\t<h3 class=\"elementor-heading-title elementor-size-default\">Erweitertes Angebot in Rjukan<\/h3>\t\t\t\t<\/div>\n\t\t\t\t<div class=\"elementor-element elementor-element-b184094 elementor-widget elementor-widget-text-editor\" data-id=\"b184094\" data-element_type=\"widget\" data-e-type=\"widget\" data-widget_type=\"text-editor.default\">\n\t\t\t\t\t\t\t\t\t<p data-path-to-node=\"14\">Wenn Sie noch mehr Auswahl brauchen, ist die Stadt Rjukan nur eine halbe Autostunde entfernt. Hier finden Sie eine ganze Reihe von st\u00e4dtischen Annehmlichkeiten:<\/p><ul data-path-to-node=\"15\"><li><p data-path-to-node=\"15,0,0\">Gro\u00dfe Lebensmittelketten wie Rema 1000, Spar und Kiwi.<\/p><\/li><li><p data-path-to-node=\"15,1,0\">Vinmonopolet.<\/p><\/li><li><p data-path-to-node=\"15,2,0\">Fachgesch\u00e4fte f\u00fcr Bekleidung, M\u00f6bel, Elektronik und Baumaterialien.<\/p><\/li><\/ul>\t\t\t\t\t\t\t\t<\/div>\n\t\t\t\t<\/div>\n\t\t\t\t<\/div>\n\t\t\t\t<\/div>\n\t\t\t\t\t<\/div>\n\t\t\t\t<\/div>\n\t\t\t\t<\/div>\n\t\t\t\t<\/div>","protected":false},"excerpt":{"rendered":"<p>Wenn Sie bei unseren Nachbarn in Austbygde einkaufen, unterst\u00fctzen Sie eine lebendige lokale Gemeinschaft. Genie\u00dfen Sie frische Backwaren aus der B\u00e4ckerei oder preisgekr\u00f6nte regionale Lebensmittel von den Bauernh\u00f6fen in unserer Umgebung.<\/p>","protected":false},"author":1,"featured_media":851,"parent":25,"menu_order":0,"comment_status":"closed","ping_status":"closed","template":"","meta":{"_acf_changed":false,"footnotes":""},"class_list":["post-29","page","type-page","status-publish","has-post-thumbnail","hentry"],"acf":[],"_links":{"self":[{"href":"https:\/\/sandviken-camping.no\/de\/wp-json\/wp\/v2\/pages\/29","targetHints":{"allow":["GET"]}}],"collection":[{"href":"https:\/\/sandviken-camping.no\/de\/wp-json\/wp\/v2\/pages"}],"about":[{"href":"https:\/\/sandviken-camping.no\/de\/wp-json\/wp\/v2\/types\/page"}],"author":[{"embeddable":true,"href":"https:\/\/sandviken-camping.no\/de\/wp-json\/wp\/v2\/users\/1"}],"replies":[{"embeddable":true,"href":"https:\/\/sandviken-camping.no\/de\/wp-json\/wp\/v2\/comments?post=29"}],"version-history":[{"count":0,"href":"https:\/\/sandviken-camping.no\/de\/wp-json\/wp\/v2\/pages\/29\/revisions"}],"up":[{"embeddable":true,"href":"https:\/\/sandviken-camping.no\/de\/wp-json\/wp\/v2\/pages\/25"}],"wp:featuredmedia":[{"embeddable":true,"href":"https:\/\/sandviken-camping.no\/de\/wp-json\/wp\/v2\/media\/851"}],"wp:attachment":[{"href":"https:\/\/sandviken-camping.no\/de\/wp-json\/wp\/v2\/media?parent=29"}],"curies":[{"name":"wp","href":"https:\/\/api.w.org\/{rel}","templated":true}]}}