{"id":1570,"date":"2026-03-23T08:37:21","date_gmt":"2026-03-23T07:37:21","guid":{"rendered":"https:\/\/sandviken-camping.no\/?page_id=1570"},"modified":"2026-03-23T08:39:24","modified_gmt":"2026-03-23T07:39:24","slug":"privacidad","status":"publish","type":"page","link":"https:\/\/sandviken-camping.no\/es\/personvern\/","title":{"rendered":"Privacidad"},"content":{"rendered":"<div data-elementor-type=\"wp-page\" data-elementor-id=\"1570\" class=\"elementor elementor-1570\" data-elementor-post-type=\"page\">\n\t\t\t\t<div class=\"elementor-element elementor-element-bfd2f4c e-flex e-con-boxed e-con e-child\" data-id=\"bfd2f4c\" data-element_type=\"container\" data-e-type=\"container\" data-settings=\"{&quot;background_background&quot;:&quot;classic&quot;}\">\n\t\t\t\t\t<div class=\"e-con-inner\">\n\t\t<div class=\"elementor-element elementor-element-44d9b5e e-con-full e-flex e-con e-child\" data-id=\"44d9b5e\" data-element_type=\"container\" data-e-type=\"container\">\n\t\t<div class=\"elementor-element elementor-element-3f09d37 e-con-full e-flex elementor-invisible e-con e-child\" data-id=\"3f09d37\" data-element_type=\"container\" data-e-type=\"container\" data-settings=\"{&quot;animation&quot;:&quot;fadeIn&quot;}\">\n\t\t\t\t<div class=\"elementor-element elementor-element-303eae9 elementor-widget elementor-widget-heading\" data-id=\"303eae9\" data-element_type=\"widget\" data-e-type=\"widget\" data-widget_type=\"heading.default\">\n\t\t\t\t\t<h1 class=\"elementor-heading-title elementor-size-default\">Privacidad<\/h1>\t\t\t\t<\/div>\n\t\t\t\t<\/div>\n\t\t\t\t<\/div>\n\t\t\t\t\t<\/div>\n\t\t\t\t<\/div>\n\t\t<div class=\"elementor-element elementor-element-8b0bfd6 e-flex e-con-boxed e-con e-parent\" data-id=\"8b0bfd6\" data-element_type=\"container\" data-e-type=\"container\">\n\t\t\t\t\t<div class=\"e-con-inner\">\n\t\t\t\t<div class=\"elementor-element elementor-element-643f19c elementor-widget elementor-widget-text-editor\" data-id=\"643f19c\" data-element_type=\"widget\" data-e-type=\"widget\" data-widget_type=\"text-editor.default\">\n\t\t\t\t\t\t\t\t\t<h2>Pol\u00edtica de privacidad de Sandviken Camping y www.sandviken-camping.no<\/h2><p><span style=\"font-weight: 400;\">Esta pol\u00edtica de privacidad describe qu\u00e9 tipo de datos personales recoge Sandviken Camping y c\u00f3mo se procesan estos datos personales.<\/span><\/p><p><span style=\"font-weight: 400;\">Sandviken Camping cumple la Ley noruega de datos personales. Esta pol\u00edtica de privacidad se ha elaborado de acuerdo con los requisitos de los art\u00edculos 18 y 19 de la Ley de Datos Personales.<\/span><\/p><p><b>\u00bfQu\u00e9 son los datos personales?<\/b><\/p><p><span style=\"font-weight: 400;\">Los datos personales son informaci\u00f3n sobre una persona. Puede tratarse del nombre de la persona, su direcci\u00f3n, lugar de trabajo, estado civil, n\u00famero de tel\u00e9fono, direcci\u00f3n de correo electr\u00f3nico, etc. La informaci\u00f3n sobre su contacto, motivo de contacto y forma de contacto con Sandviken Camping tambi\u00e9n puede entenderse como datos personales.<\/span><\/p><p><span style=\"font-weight: 400;\">El camping Sandviken no recopila ni utiliza datos personales sensibles. Se trata de datos personales como cargos, infracciones penales, salud y similares.<\/span><\/p><p><span style=\"font-weight: 400;\">Si desea m\u00e1s informaci\u00f3n sobre datos personales en general, visite https:\/\/www.datatilsynet.no\/om-personvern\/personopplysninger\/.<\/span><\/p><p><b>Qui\u00e9n es el responsable del tratamiento de sus datos personales en Sandviken Camping<\/b><\/p><p><span style=\"font-weight: 400;\">El responsable del tratamiento de datos personales de la organizaci\u00f3n es el propio director de la oficina del Camping Sandviken. En caso de una futura delegaci\u00f3n, solo se produce la delegaci\u00f3n de las tareas, la responsabilidad de los datos personales siempre recae en el Camping Sandviken.<\/span><\/p><p><b>Datos personales que recibe Sandviken Camping<\/b><\/p><p><span style=\"font-weight: 400;\">Sandviken Camping tiene dos fuentes de datos personales, ambas basadas en el art\u00edculo 8 de la Ley de Datos Personales.<\/span><\/p><p><span style=\"font-weight: 400;\">La principal fuente de datos personales es la informaci\u00f3n que usted mismo proporciona. Esto se realiza principalmente a trav\u00e9s del formulario de contacto del sitio web de Sandviken Camping. El formulario de contacto sirve como punto de encuentro entre los clientes potenciales\/existentes y Sandviken Camping. Es totalmente voluntario si desea rellenar dicho formulario o simplemente permanecer como visitante pasivo del sitio. Los datos personales recogidos a trav\u00e9s del formulario de contacto son tel\u00e9fono, correo electr\u00f3nico y nombre.<\/span><\/p><p><span style=\"font-weight: 400;\">Tras el formulario de contacto, puede generarse informaci\u00f3n personal adicional a trav\u00e9s de correo electr\u00f3nico, tel\u00e9fono y correspondencia similar entre Sandviken Camping y usted como cliente potencial\/existente.<\/span><\/p><p><span style=\"font-weight: 400;\">Otra fuente de datos personales es la informaci\u00f3n que el propio Sandviken Camping recopila. La recopilaci\u00f3n se realiza a trav\u00e9s de Google Analytics. Capta cu\u00e1nto tiempo pasa en el sitio, su direcci\u00f3n IP, en qu\u00e9 enlaces hace clic y el n\u00famero de usuarios en el sitio en diferentes momentos, por nombrar solo algunos.<\/span><\/p><p><b>C\u00f3mo utiliza Sandviken Camping los datos personales<\/b><\/p><p><span style=\"font-weight: 400;\">La finalidad del formulario de contacto y la correspondencia posterior es el seguimiento de las consultas y los compromisos con los clientes. Sandviken Camping depende de esta plataforma abierta entre ella y sus clientes para garantizar una comunicaci\u00f3n y un producto final satisfactorios.<\/span><\/p><p><span style=\"font-weight: 400;\">El objetivo de la informaci\u00f3n de Google Analytics es mejorar la experiencia del sitio web. Por ejemplo, para que los dise\u00f1os sean m\u00e1s f\u00e1ciles de usar, comprender las tendencias de los usuarios, racionalizar y prestar mejor los servicios esperados y prevenir conductas delictivas como la pirater\u00eda inform\u00e1tica.<\/span><\/p><p><span style=\"font-weight: 400;\">La base jur\u00eddica para el tratamiento de datos personales por parte de Sandviken Camping es el art\u00edculo 11 de la Ley de datos personales.<\/span><\/p><p><b>C\u00f3mo gestionar sus datos personales<\/b><\/p><p><span style=\"font-weight: 400;\">La cantidad limitada de datos personales que Sandviken Camping recopila a trav\u00e9s de usted y por iniciativa propia es muy marginal en comparaci\u00f3n con otros operadores y otros servicios en l\u00ednea. Esto significa que nosotros mismos no administramos datos personales, como los ajustes en las aplicaciones utilizadas y los ajustes en la publicidad personalizada. Como ya se ha mencionado, los datos personales recopilados no se utilizan para tales fines.<\/span><\/p><p><span style=\"font-weight: 400;\">Sin embargo, usted siempre tiene derechos relacionados con sus datos personales, sobre los que puede leer m\u00e1s abajo.<\/span><\/p><p><b>Intercambio de informaci\u00f3n con terceros<\/b><\/p><p><span style=\"font-weight: 400;\">Sandviken Camping no comparte con terceros ninguna informaci\u00f3n personal procedente del formulario de contacto, de sus propias recopilaciones o de informaciones ajenas. Si, a pesar de todo, se produjera dicha distribuci\u00f3n, siempre recibir\u00e1 una solicitud de consentimiento por nuestra parte.<\/span><\/p><p><b>Archivo, eliminaci\u00f3n y control interno seguros<\/b><\/p><p><span style=\"font-weight: 400;\">De conformidad con el art\u00edculo 13 de la Ley noruega de datos personales, todos los datos personales recibidos por Sandviken Camping se archivar\u00e1n en un correo electr\u00f3nico o servidor seguro mientras dure la relaci\u00f3n laboral entre usted y Sandviken Camping. Una vez finalizada la relaci\u00f3n laboral, toda la comunicaci\u00f3n y los datos personales se eliminar\u00e1n en un plazo de 2 a\u00f1os.<\/span><\/p><p><span style=\"font-weight: 400;\">Sandviken Camping dispone de controles internos para garantizar que el archivo, la seguridad y la eliminaci\u00f3n se realizan de acuerdo con los objetivos y conforme a las normas legales.<\/span><\/p><p><b>Derechos<\/b><\/p><p><span style=\"font-weight: 400;\">De acuerdo con la Ley de Datos Personales, como usuario o cliente de Sandviken Camping, tiene derecho al olvido, a la portabilidad de los datos, al acceso y a no ser perfilado.<\/span><\/p><p><span style=\"font-weight: 400;\">El derecho al olvido significa que se puede solicitar la eliminaci\u00f3n de todos los datos personales registrados en el Camping Sandviken. Si no se solicita, el Camping Sandviken eliminar\u00e1 en cualquier caso la mayor\u00eda de los datos personales 2 a\u00f1os despu\u00e9s de finalizar el contacto.<\/span><\/p><p><span style=\"font-weight: 400;\">El derecho a la portabilidad de datos significa que puede obtener una copia digital de todos los datos personales que Sandviken Camping tiene sobre usted. Este derecho tambi\u00e9n significa que puede llevar estos datos personales a otra organizaci\u00f3n si es t\u00e9cnicamente posible y justificable. La informaci\u00f3n personal cubierta por la portabilidad de datos es la informaci\u00f3n personal facilitada a Sandviken Camping, como por ejemplo a trav\u00e9s del formulario de contacto, o la informaci\u00f3n personal automatizada generada mediante el uso de los servicios de Sandviken Camping.<\/span><\/p><p><span style=\"font-weight: 400;\">El derecho de acceso significa que tiene derecho a ver qu\u00e9 informaci\u00f3n ha registrado Sandviken Camping sobre usted.<\/span><\/p><p><span style=\"font-weight: 400;\">El derecho contra la elaboraci\u00f3n de perfiles le otorga el derecho a negarse a que Sandviken Camping realice un mapeo de su uso y comportamiento, y as\u00ed adaptar nuestros servicios a usted bas\u00e1ndonos en este mapeo. Ejemplos t\u00edpicos ser\u00edan la publicidad personalizada, el desarrollo de servicios, los estudios de mercado, etc. Sin embargo, esto es poco relevante para el Camping Sandviken, ya que el Camping Sandviken tiene poco inter\u00e9s o uso para este tipo de mapeo de amplitud y profundidad.<\/span><\/p><p><span style=\"font-weight: 400;\">Para ejercer uno o varios de estos derechos, p\u00f3ngase en contacto con nosotros. Tiene derecho a recibir nuestra respuesta en un plazo m\u00ednimo de un mes.<\/span><\/p><p><b>Privacidad infantil<\/b><\/p><p><span style=\"font-weight: 400;\">Sandviken Camping no desea ni necesita recopilar ni procesar datos personales de menores de 16 a\u00f1os. Dichos datos personales deben llegar a trav\u00e9s de un padre o tutor.<\/span><\/p><p><span style=\"font-weight: 400;\">Los datos personales que los ni\u00f1os dejen a Sandviken Camping se borrar\u00e1n en cuanto lleguen a conocimiento de Sandviken Camping.<\/span><\/p><p><b>Responsable de protecci\u00f3n de datos<\/b><\/p><p><span style=\"font-weight: 400;\">Sandviken Camping no cuenta con un responsable de protecci\u00f3n de datos, ya que la empresa no es una organizaci\u00f3n del sector p\u00fablico, no procesa datos sensibles, no realiza un mapeo sistem\u00e1tico de personas y no procesa datos personales relacionados con delitos penales.<\/span><\/p><p><b>Aplicaci\u00f3n de los cambios<\/b><\/p><p><span style=\"font-weight: 400;\">Sandviken Camping actualizar\u00e1 de vez en cuando su pol\u00edtica de privacidad para garantizar que cumple la normativa legal exigida por la legislaci\u00f3n noruega. Se le informar\u00e1 de dichas actualizaciones.<\/span><\/p><p><b>Datos de contacto<\/b><\/p><p><span style=\"font-weight: 400;\">Si tiene m\u00e1s preguntas sobre la pol\u00edtica de privacidad de Sandviken Camping u otras solicitudes, p\u00f3ngase en contacto con la empresa.<\/span><\/p><p><span style=\"font-weight: 400;\">Mail:post@sjofront.no<\/span><\/p>\t\t\t\t\t\t\t\t<\/div>\n\t\t\t\t\t<\/div>\n\t\t\t\t<\/div>\n\t\t\t\t<\/div>","protected":false},"excerpt":{"rendered":"<p>Personvern Personvernerkl\u00e6ring for Sandviken Camping og www.sandviken-camping.no Denne personvernerkl\u00e6ringen beskriver hva slags personopplysninger Sandviken Camping samler inn og hvordan disse personopplysningene behandles. Sandviken Camping forholder seg til den norske personopplysningsloven. Denne personvernerkl\u00e6ringen er laget etter kravene i personopplysningsloven \u00a7\u00a7 18 og 19. Hva er personopplysninger Personopplysninger er informasjon om den enkelte person. Dette kan v\u00e6re [&hellip;]<\/p>\n","protected":false},"author":1,"featured_media":0,"parent":0,"menu_order":0,"comment_status":"closed","ping_status":"closed","template":"","meta":{"_acf_changed":false,"footnotes":""},"class_list":["post-1570","page","type-page","status-publish","hentry"],"acf":[],"_links":{"self":[{"href":"https:\/\/sandviken-camping.no\/es\/wp-json\/wp\/v2\/pages\/1570","targetHints":{"allow":["GET"]}}],"collection":[{"href":"https:\/\/sandviken-camping.no\/es\/wp-json\/wp\/v2\/pages"}],"about":[{"href":"https:\/\/sandviken-camping.no\/es\/wp-json\/wp\/v2\/types\/page"}],"author":[{"embeddable":true,"href":"https:\/\/sandviken-camping.no\/es\/wp-json\/wp\/v2\/users\/1"}],"replies":[{"embeddable":true,"href":"https:\/\/sandviken-camping.no\/es\/wp-json\/wp\/v2\/comments?post=1570"}],"version-history":[{"count":0,"href":"https:\/\/sandviken-camping.no\/es\/wp-json\/wp\/v2\/pages\/1570\/revisions"}],"wp:attachment":[{"href":"https:\/\/sandviken-camping.no\/es\/wp-json\/wp\/v2\/media?parent=1570"}],"curies":[{"name":"wp","href":"https:\/\/api.w.org\/{rel}","templated":true}]}}