{"id":26,"date":"2026-02-17T13:09:37","date_gmt":"2026-02-17T12:09:37","guid":{"rendered":"https:\/\/sandvikencamping.hornstaging.no\/?page_id=26"},"modified":"2026-03-23T08:57:06","modified_gmt":"2026-03-23T07:57:06","slug":"eco-guy","status":"publish","type":"page","link":"https:\/\/sandviken-camping.no\/es\/litt-gronnere\/miljofyrtarn\/","title":{"rendered":"Faro medioambiental"},"content":{"rendered":"<div data-elementor-type=\"wp-page\" data-elementor-id=\"26\" class=\"elementor elementor-26\" data-elementor-post-type=\"page\">\n\t\t\t\t<div class=\"elementor-element elementor-element-bfa03ce e-flex e-con-boxed e-con e-child\" data-id=\"bfa03ce\" data-element_type=\"container\" data-e-type=\"container\" data-settings=\"{&quot;background_background&quot;:&quot;classic&quot;}\">\n\t\t\t\t\t<div class=\"e-con-inner\">\n\t\t<div class=\"elementor-element elementor-element-9c3ab8f e-con-full e-flex e-con e-child\" data-id=\"9c3ab8f\" data-element_type=\"container\" data-e-type=\"container\">\n\t\t<div class=\"elementor-element elementor-element-a91d5a6 e-con-full e-flex elementor-invisible e-con e-child\" data-id=\"a91d5a6\" data-element_type=\"container\" data-e-type=\"container\" data-settings=\"{&quot;animation&quot;:&quot;fadeIn&quot;}\">\n\t\t\t\t<div class=\"elementor-element elementor-element-371c704 elementor-widget elementor-widget-heading\" data-id=\"371c704\" data-element_type=\"widget\" data-e-type=\"widget\" data-widget_type=\"heading.default\">\n\t\t\t\t\t<h1 class=\"elementor-heading-title elementor-size-default\">Eco-Lighthouse: nuestra promesa de futuro<\/h1>\t\t\t\t<\/div>\n\t\t\t\t<div class=\"elementor-element elementor-element-f50feb4 elementor-widget elementor-widget-text-editor\" data-id=\"f50feb4\" data-element_type=\"widget\" data-e-type=\"widget\" data-widget_type=\"text-editor.default\">\n\t\t\t\t\t\t\t\t\t<p>Como Eco-Lighthouse certificado, asumimos la responsabilidad de nuestra huella. Trabajamos duro cada d\u00eda para reducir nuestro impacto ambiental mediante soluciones energ\u00e9ticas inteligentes, una estricta clasificaci\u00f3n de residuos y una estrecha colaboraci\u00f3n con los proveedores locales, para que puedas irte de vacaciones con la conciencia tranquila.<\/p>\t\t\t\t\t\t\t\t<\/div>\n\t\t<div class=\"elementor-element elementor-element-5871c6b e-con-full e-flex e-con e-child\" data-id=\"5871c6b\" data-element_type=\"container\" data-e-type=\"container\">\n\t\t\t\t<div class=\"elementor-element elementor-element-1624265 elementor-align-right elementor-mobile-align-justify elementor-widget elementor-widget-button\" data-id=\"1624265\" data-element_type=\"widget\" data-e-type=\"widget\" data-widget_type=\"button.default\">\n\t\t\t\t\t\t\t\t\t\t<a class=\"elementor-button elementor-button-link elementor-size-sm\" href=\"\/es\/alojamiento\/\">\n\t\t\t\t\t\t<span class=\"elementor-button-content-wrapper\">\n\t\t\t\t\t\t<span class=\"elementor-button-icon\">\n\t\t\t\t<svg aria-hidden=\"true\" class=\"e-font-icon-svg e-fas-caret-right\" viewbox=\"0 0 192 512\" xmlns=\"http:\/\/www.w3.org\/2000\/svg\"><path d=\"M0 384.662V127.338c0-17.818 21.543-26.741 34.142-14.142l128.662 128.662c7.81 7.81 7.81 20.474 0 28.284L34.142 398.804C21.543 411.404 0 402.48 0 384.662z\"><\/path><\/svg>\t\t\t<\/span>\n\t\t\t\t\t\t\t\t\t<span class=\"elementor-button-text\">Nuestras opciones de alojamiento<\/span>\n\t\t\t\t\t<\/span>\n\t\t\t\t\t<\/a>\n\t\t\t\t\t\t\t\t<\/div>\n\t\t\t\t<div class=\"elementor-element elementor-element-04f1887 elementor-align-right elementor-mobile-align-justify elementor-widget elementor-widget-button\" data-id=\"04f1887\" data-element_type=\"widget\" data-e-type=\"widget\" data-widget_type=\"button.default\">\n\t\t\t\t\t\t\t\t\t\t<a class=\"elementor-button elementor-button-link elementor-size-sm\" href=\"https:\/\/reservations.bookvisit.com\/accommodation?channelId=82490956-1703-4a62-8c71-69d4a8e8c57a&#038;culture=nb\" target=\"_blank\" rel=\"noopener\">\n\t\t\t\t\t\t<span class=\"elementor-button-content-wrapper\">\n\t\t\t\t\t\t<span class=\"elementor-button-icon\">\n\t\t\t\t<svg aria-hidden=\"true\" class=\"e-font-icon-svg e-fas-caret-right\" viewbox=\"0 0 192 512\" xmlns=\"http:\/\/www.w3.org\/2000\/svg\"><path d=\"M0 384.662V127.338c0-17.818 21.543-26.741 34.142-14.142l128.662 128.662c7.81 7.81 7.81 20.474 0 28.284L34.142 398.804C21.543 411.404 0 402.48 0 384.662z\"><\/path><\/svg>\t\t\t<\/span>\n\t\t\t\t\t\t\t\t\t<span class=\"elementor-button-text\">Reservar alojamiento<\/span>\n\t\t\t\t\t<\/span>\n\t\t\t\t\t<\/a>\n\t\t\t\t\t\t\t\t<\/div>\n\t\t\t\t<\/div>\n\t\t\t\t<\/div>\n\t\t\t\t<\/div>\n\t\t\t\t\t<\/div>\n\t\t\t\t<\/div>\n\t\t<div class=\"elementor-element elementor-element-c41da53 e-flex e-con-boxed e-con e-parent\" data-id=\"c41da53\" data-element_type=\"container\" data-e-type=\"container\">\n\t\t\t\t\t<div class=\"e-con-inner\">\n\t\t<div class=\"elementor-element elementor-element-e2724cf e-grid e-con-full e-con e-child\" data-id=\"e2724cf\" data-element_type=\"container\" data-e-type=\"container\">\n\t\t<div class=\"elementor-element elementor-element-39319c4 e-con-full e-flex e-con e-child\" data-id=\"39319c4\" data-element_type=\"container\" data-e-type=\"container\">\n\t\t<div class=\"elementor-element elementor-element-5e80c80 e-con-full e-flex elementor-invisible e-con e-child\" data-id=\"5e80c80\" data-element_type=\"container\" data-e-type=\"container\" data-settings=\"{&quot;animation&quot;:&quot;fadeIn&quot;}\">\n\t\t\t\t<div class=\"elementor-element elementor-element-00d1bdc elementor-widget elementor-widget-heading\" data-id=\"00d1bdc\" data-element_type=\"widget\" data-e-type=\"widget\" data-widget_type=\"heading.default\">\n\t\t\t\t\t<h2 class=\"elementor-heading-title elementor-size-default\">Un camping m\u00e1s ecol\u00f3gico<\/h2>\t\t\t\t<\/div>\n\t\t\t\t<div class=\"elementor-element elementor-element-1292aee elementor-widget elementor-widget-text-editor\" data-id=\"1292aee\" data-element_type=\"widget\" data-e-type=\"widget\" data-widget_type=\"text-editor.default\">\n\t\t\t\t\t\t\t\t\t<p data-path-to-node=\"6\">Sandviken Camping se enorgullece de formar parte del programa Eco-Lighthouse. Para nosotros, esto es algo m\u00e1s que un diploma en la pared; es una herramienta de gesti\u00f3n que nos ayuda a cuidar la naturaleza de la que vivimos. Nos hemos comprometido a cumplir requisitos estrictos en materia de consumo de energ\u00eda, gesti\u00f3n de residuos, transporte y entorno laboral. Esto significa, entre otras cosas, que damos prioridad a las compras respetuosas con el medio ambiente y trabajamos activamente para eliminar el uso innecesario de pl\u00e1stico.<\/p><p data-path-to-node=\"7\">A lo largo de los a\u00f1os, hemos aplicado varias medidas que benefician tanto al medio ambiente como a nuestros hu\u00e9spedes. Por ejemplo, hemos eliminado el uso de barbacoas desechables en todo el recinto, y ofrecemos le\u00f1a local de nuestro propio bosque para reducir las emisiones del transporte. Al elegir un negocio Eco-Lighthouse, est\u00e1 contribuyendo directamente a un turismo m\u00e1s sostenible en Telemark.<\/p>\t\t\t\t\t\t\t\t<\/div>\n\t\t\t\t<div class=\"elementor-element elementor-element-af72d54 elementor-widget elementor-widget-heading\" data-id=\"af72d54\" data-element_type=\"widget\" data-e-type=\"widget\" data-widget_type=\"heading.default\">\n\t\t\t\t\t<h3 class=\"elementor-heading-title elementor-size-default\">Nos gustar\u00eda saber de usted<\/h3>\t\t\t\t<\/div>\n\t\t\t\t<div class=\"elementor-element elementor-element-f4ed9b4 elementor-widget elementor-widget-text-editor\" data-id=\"f4ed9b4\" data-element_type=\"widget\" data-e-type=\"widget\" data-widget_type=\"text-editor.default\">\n\t\t\t\t\t\t\t\t\t<p data-path-to-node=\"10\">Como parte de nuestra certificaci\u00f3n, publicamos un informe anual sobre clima y medio ambiente que muestra nuestros objetivos y resultados. Trabajamos constantemente para mejorar, y su opini\u00f3n como hu\u00e9sped es muy valiosa para nosotros.<\/p><ul data-path-to-node=\"11\"><li><p data-path-to-node=\"11,0,0\"><b data-path-to-node=\"11,0,0\" data-index-in-node=\"0\">Entrada:<\/b> \u00bfTiene alguna sugerencia sobre c\u00f3mo podemos ser a\u00fan m\u00e1s respetuosos con el medio ambiente? No dude en enviarnos un correo electr\u00f3nico o hablar con nosotros en recepci\u00f3n.<\/p><\/li><li><p data-path-to-node=\"11,2,0\"><b data-path-to-node=\"11,2,0\" data-index-in-node=\"0\">Esfuerzos conjuntos:<\/b> Utilizando nuestras estaciones medioambientales para la clasificaci\u00f3n de residuos y ahorrando agua y electricidad durante su estancia, estar\u00e1 contribuyendo a marcar la diferencia.<\/p><\/li><\/ul>\t\t\t\t\t\t\t\t<\/div>\n\t\t\t\t<div class=\"elementor-element elementor-element-8e117c1 elementor-align-left elementor-mobile-align-justify elementor-widget elementor-widget-button\" data-id=\"8e117c1\" data-element_type=\"widget\" data-e-type=\"widget\" data-widget_type=\"button.default\">\n\t\t\t\t\t\t\t\t\t\t<a class=\"elementor-button elementor-button-link elementor-size-sm\" href=\"https:\/\/rapportering.miljofyrtarn.no\/stats\/169751\" target=\"_blank\" rel=\"noopener\">\n\t\t\t\t\t\t<span class=\"elementor-button-content-wrapper\">\n\t\t\t\t\t\t<span class=\"elementor-button-icon\">\n\t\t\t\t<svg aria-hidden=\"true\" class=\"e-font-icon-svg e-fas-caret-right\" viewbox=\"0 0 192 512\" xmlns=\"http:\/\/www.w3.org\/2000\/svg\"><path d=\"M0 384.662V127.338c0-17.818 21.543-26.741 34.142-14.142l128.662 128.662c7.81 7.81 7.81 20.474 0 28.284L34.142 398.804C21.543 411.404 0 402.48 0 384.662z\"><\/path><\/svg>\t\t\t<\/span>\n\t\t\t\t\t\t\t\t\t<span class=\"elementor-button-text\">Vea nuestro informe sobre el faro medioambiental<\/span>\n\t\t\t\t\t<\/span>\n\t\t\t\t\t<\/a>\n\t\t\t\t\t\t\t\t<\/div>\n\t\t\t\t<\/div>\n\t\t\t\t<\/div>\n\t\t<div class=\"elementor-element elementor-element-8bd5d92 e-con-full e-flex elementor-invisible e-con e-child\" data-id=\"8bd5d92\" data-element_type=\"container\" data-e-type=\"container\" data-settings=\"{&quot;animation&quot;:&quot;fadeIn&quot;}\">\n\t\t\t\t<div class=\"elementor-element elementor-element-b4ef884 elementor-widget elementor-widget-image\" data-id=\"b4ef884\" data-element_type=\"widget\" data-e-type=\"widget\" data-widget_type=\"image.default\">\n\t\t\t\t\t\t\t\t\t\t\t\t\t\t\t<img fetchpriority=\"high\" decoding=\"async\" width=\"2048\" height=\"1366\" src=\"https:\/\/sandviken-camping.no\/wp-content\/uploads\/2026\/02\/IMG_0163-scaled.jpg\" class=\"attachment-full size-full wp-image-979\" alt=\"Desde la iluminaci\u00f3n de bajo consumo hasta los productos de limpieza no t\u00f3xicos, tomamos decisiones conscientes que protegen el medio ambiente. Con nosotros, puedes irte de vacaciones con la conciencia tranquila, consciente de nuestra responsabilidad medioambiental.\" srcset=\"https:\/\/sandviken-camping.no\/wp-content\/uploads\/2026\/02\/IMG_0163-scaled.jpg 2048w, https:\/\/sandviken-camping.no\/wp-content\/uploads\/2026\/02\/IMG_0163-300x200.jpg 300w, https:\/\/sandviken-camping.no\/wp-content\/uploads\/2026\/02\/IMG_0163-1024x683.jpg 1024w, https:\/\/sandviken-camping.no\/wp-content\/uploads\/2026\/02\/IMG_0163-768x512.jpg 768w, https:\/\/sandviken-camping.no\/wp-content\/uploads\/2026\/02\/IMG_0163-1536x1024.jpg 1536w\" sizes=\"(max-width: 2048px) 100vw, 2048px\" \/>\t\t\t\t\t\t\t\t\t\t\t\t\t\t\t<\/div>\n\t\t\t\t<\/div>\n\t\t\t\t<\/div>\n\t\t\t\t\t<\/div>\n\t\t\t\t<\/div>\n\t\t\t\t<\/div>","protected":false},"excerpt":{"rendered":"<p>Como Eco-Lighthouse certificado, trabajamos cada d\u00eda por unas operaciones m\u00e1s ecol\u00f3gicas. Clasificamos en origen, ahorramos energ\u00eda y le animamos a que, como hu\u00e9sped, nos ayude a conseguirlo.<\/p>","protected":false},"author":1,"featured_media":880,"parent":25,"menu_order":0,"comment_status":"closed","ping_status":"closed","template":"","meta":{"_acf_changed":false,"footnotes":""},"class_list":["post-26","page","type-page","status-publish","has-post-thumbnail","hentry"],"acf":[],"_links":{"self":[{"href":"https:\/\/sandviken-camping.no\/es\/wp-json\/wp\/v2\/pages\/26","targetHints":{"allow":["GET"]}}],"collection":[{"href":"https:\/\/sandviken-camping.no\/es\/wp-json\/wp\/v2\/pages"}],"about":[{"href":"https:\/\/sandviken-camping.no\/es\/wp-json\/wp\/v2\/types\/page"}],"author":[{"embeddable":true,"href":"https:\/\/sandviken-camping.no\/es\/wp-json\/wp\/v2\/users\/1"}],"replies":[{"embeddable":true,"href":"https:\/\/sandviken-camping.no\/es\/wp-json\/wp\/v2\/comments?post=26"}],"version-history":[{"count":0,"href":"https:\/\/sandviken-camping.no\/es\/wp-json\/wp\/v2\/pages\/26\/revisions"}],"up":[{"embeddable":true,"href":"https:\/\/sandviken-camping.no\/es\/wp-json\/wp\/v2\/pages\/25"}],"wp:featuredmedia":[{"embeddable":true,"href":"https:\/\/sandviken-camping.no\/es\/wp-json\/wp\/v2\/media\/880"}],"wp:attachment":[{"href":"https:\/\/sandviken-camping.no\/es\/wp-json\/wp\/v2\/media?parent=26"}],"curies":[{"name":"wp","href":"https:\/\/api.w.org\/{rel}","templated":true}]}}