{"id":29,"date":"2026-02-17T13:10:03","date_gmt":"2026-02-17T12:10:03","guid":{"rendered":"https:\/\/sandvikencamping.hornstaging.no\/?page_id=29"},"modified":"2026-03-23T08:57:00","modified_gmt":"2026-03-23T07:57:00","slug":"actuar-localmente","status":"publish","type":"page","link":"https:\/\/sandviken-camping.no\/es\/litt-gronnere\/handle-lokalt\/","title":{"rendered":"Compra local"},"content":{"rendered":"<div data-elementor-type=\"wp-page\" data-elementor-id=\"29\" class=\"elementor elementor-29\" data-elementor-post-type=\"page\">\n\t\t\t\t<div class=\"elementor-element elementor-element-b248032 e-flex e-con-boxed e-con e-child\" data-id=\"b248032\" data-element_type=\"container\" data-e-type=\"container\" data-settings=\"{&quot;background_background&quot;:&quot;classic&quot;}\">\n\t\t\t\t\t<div class=\"e-con-inner\">\n\t\t<div class=\"elementor-element elementor-element-51fc19f e-con-full e-flex e-con e-child\" data-id=\"51fc19f\" data-element_type=\"container\" data-e-type=\"container\">\n\t\t<div class=\"elementor-element elementor-element-bc685e1 e-con-full e-flex elementor-invisible e-con e-child\" data-id=\"bc685e1\" data-element_type=\"container\" data-e-type=\"container\" data-settings=\"{&quot;animation&quot;:&quot;fadeIn&quot;}\">\n\t\t\t\t<div class=\"elementor-element elementor-element-41cafe2 elementor-widget elementor-widget-heading\" data-id=\"41cafe2\" data-element_type=\"widget\" data-e-type=\"widget\" data-widget_type=\"heading.default\">\n\t\t\t\t\t<h1 class=\"elementor-heading-title elementor-size-default\">Compra local<\/h1>\t\t\t\t<\/div>\n\t\t\t\t<div class=\"elementor-element elementor-element-04d4a2f elementor-widget elementor-widget-text-editor\" data-id=\"04d4a2f\" data-element_type=\"widget\" data-e-type=\"widget\" data-widget_type=\"text-editor.default\">\n\t\t\t\t\t\t\t\t\tAl comprar con nuestros vecinos de Austbygde, apoyas a las vibrantes comunidades locales. Disfruta de los productos reci\u00e9n horneados de la panader\u00eda o de los galardonados alimentos locales de las granjas que nos rodean.\t\t\t\t\t\t\t\t<\/div>\n\t\t<div class=\"elementor-element elementor-element-349a937 e-con-full e-flex e-con e-child\" data-id=\"349a937\" data-element_type=\"container\" data-e-type=\"container\">\n\t\t\t\t<div class=\"elementor-element elementor-element-b2a7047 elementor-align-right elementor-mobile-align-justify elementor-widget elementor-widget-button\" data-id=\"b2a7047\" data-element_type=\"widget\" data-e-type=\"widget\" data-widget_type=\"button.default\">\n\t\t\t\t\t\t\t\t\t\t<a class=\"elementor-button elementor-button-link elementor-size-sm\" href=\"\/es\/alojamiento\/\">\n\t\t\t\t\t\t<span class=\"elementor-button-content-wrapper\">\n\t\t\t\t\t\t<span class=\"elementor-button-icon\">\n\t\t\t\t<svg aria-hidden=\"true\" class=\"e-font-icon-svg e-fas-caret-right\" viewbox=\"0 0 192 512\" xmlns=\"http:\/\/www.w3.org\/2000\/svg\"><path d=\"M0 384.662V127.338c0-17.818 21.543-26.741 34.142-14.142l128.662 128.662c7.81 7.81 7.81 20.474 0 28.284L34.142 398.804C21.543 411.404 0 402.48 0 384.662z\"><\/path><\/svg>\t\t\t<\/span>\n\t\t\t\t\t\t\t\t\t<span class=\"elementor-button-text\">Nuestras opciones de alojamiento<\/span>\n\t\t\t\t\t<\/span>\n\t\t\t\t\t<\/a>\n\t\t\t\t\t\t\t\t<\/div>\n\t\t\t\t<div class=\"elementor-element elementor-element-ddd0973 elementor-align-right elementor-mobile-align-justify elementor-widget elementor-widget-button\" data-id=\"ddd0973\" data-element_type=\"widget\" data-e-type=\"widget\" data-widget_type=\"button.default\">\n\t\t\t\t\t\t\t\t\t\t<a class=\"elementor-button elementor-button-link elementor-size-sm\" href=\"https:\/\/reservations.bookvisit.com\/accommodation?channelId=82490956-1703-4a62-8c71-69d4a8e8c57a&#038;culture=nb\" target=\"_blank\" rel=\"noopener\">\n\t\t\t\t\t\t<span class=\"elementor-button-content-wrapper\">\n\t\t\t\t\t\t<span class=\"elementor-button-icon\">\n\t\t\t\t<svg aria-hidden=\"true\" class=\"e-font-icon-svg e-fas-caret-right\" viewbox=\"0 0 192 512\" xmlns=\"http:\/\/www.w3.org\/2000\/svg\"><path d=\"M0 384.662V127.338c0-17.818 21.543-26.741 34.142-14.142l128.662 128.662c7.81 7.81 7.81 20.474 0 28.284L34.142 398.804C21.543 411.404 0 402.48 0 384.662z\"><\/path><\/svg>\t\t\t<\/span>\n\t\t\t\t\t\t\t\t\t<span class=\"elementor-button-text\">Reservar alojamiento<\/span>\n\t\t\t\t\t<\/span>\n\t\t\t\t\t<\/a>\n\t\t\t\t\t\t\t\t<\/div>\n\t\t\t\t<\/div>\n\t\t\t\t<\/div>\n\t\t\t\t<\/div>\n\t\t\t\t\t<\/div>\n\t\t\t\t<\/div>\n\t\t<div class=\"elementor-element elementor-element-2cd44c4 e-flex e-con-boxed e-con e-parent\" data-id=\"2cd44c4\" data-element_type=\"container\" data-e-type=\"container\">\n\t\t\t\t\t<div class=\"e-con-inner\">\n\t\t<div class=\"elementor-element elementor-element-7dfc6f5 e-grid e-con-full e-con e-child\" data-id=\"7dfc6f5\" data-element_type=\"container\" data-e-type=\"container\">\n\t\t<div class=\"elementor-element elementor-element-71c043c e-con-full e-flex e-con e-child\" data-id=\"71c043c\" data-element_type=\"container\" data-e-type=\"container\">\n\t\t<div class=\"elementor-element elementor-element-08211fd e-con-full e-flex elementor-invisible e-con e-child\" data-id=\"08211fd\" data-element_type=\"container\" data-e-type=\"container\" data-settings=\"{&quot;animation&quot;:&quot;fadeIn&quot;}\">\n\t\t\t\t<div class=\"elementor-element elementor-element-253dc72 elementor-widget elementor-widget-heading\" data-id=\"253dc72\" data-element_type=\"widget\" data-e-type=\"widget\" data-widget_type=\"heading.default\">\n\t\t\t\t\t<h2 class=\"elementor-heading-title elementor-size-default\">Compre localmente - apoye a nuestro pueblo<\/h2>\t\t\t\t<\/div>\n\t\t\t\t<div class=\"elementor-element elementor-element-af0b6f9 elementor-widget elementor-widget-text-editor\" data-id=\"af0b6f9\" data-element_type=\"widget\" data-e-type=\"widget\" data-widget_type=\"text-editor.default\">\n\t\t\t\t\t\t\t\t\t<p data-path-to-node=\"6\">Al comprar en la zona, contribuyes a la vitalidad de la comunidad de Tinn. Desde productos de panader\u00eda reci\u00e9n horneados en Austbygde hasta galardonados productos de granja y exclusivas tiendas especializadas, encontrar\u00e1 cerca todo lo que necesita para una estancia llena de sabor y satisfacci\u00f3n.<\/p>\t\t\t\t\t\t\t\t<\/div>\n\t\t\t\t<div class=\"elementor-element elementor-element-98bd069 elementor-widget elementor-widget-heading\" data-id=\"98bd069\" data-element_type=\"widget\" data-e-type=\"widget\" data-widget_type=\"heading.default\">\n\t\t\t\t\t<h3 class=\"elementor-heading-title elementor-size-default\">Comestibles y tiendas abiertas los domingos<\/h3>\t\t\t\t<\/div>\n\t\t\t\t<div class=\"elementor-element elementor-element-edab521 elementor-widget elementor-widget-text-editor\" data-id=\"edab521\" data-element_type=\"widget\" data-e-type=\"widget\" data-widget_type=\"text-editor.default\">\n\t\t\t\t\t\t\t\t\t<p data-path-to-node=\"6\">Durante los meses de verano (junio, julio y agosto) es f\u00e1cil ir de compras, ya que la mayor\u00eda de los comercios de la zona abren los domingos de 10 a 18.<\/p><ul data-path-to-node=\"7\"><li><p data-path-to-node=\"7,0,0\"><b data-path-to-node=\"7,0,0\" data-index-in-node=\"0\"><a href=\"https:\/\/www.facebook.com\/KIWIAustbygd\/%20\" target=\"_blank\" rel=\"noopener\">Kiwi Austbygd<\/a> (1 km al este):<\/b> Nuestra tienda m\u00e1s cercana. Puede recorrer el id\u00edlico sendero \u00ab\u00d8yan\u00bb directamente desde la esquina noreste del camping. Aqu\u00ed tambi\u00e9n encontrar\u00e1 una gasolinera, una peluquer\u00eda y el popular <b data-path-to-node=\"7,0,0\" data-index-in-node=\"189\">Panader\u00eda Austbygde<\/b>.<\/p><\/li><li><p data-path-to-node=\"7,1,0\"><b data-path-to-node=\"7,1,0\" data-index-in-node=\"0\"><a href=\"https:\/\/www.facebook.com\/atraahandelslag\/?locale=nb_NO%20\" target=\"_blank\" rel=\"noopener\">Spar Atr\u00e5<\/a> (5 kil\u00f3metros al oeste):<\/b> Una extensa tienda con su propio mostrador de productos frescos, productos locales, oficina de correos y un amplio departamento de ferreter\u00eda con todo tipo de art\u00edculos, desde herramientas hasta g\u00e9neros de punto.<\/p><\/li><li><p data-path-to-node=\"7,2,0\"><b data-path-to-node=\"7,2,0\" data-index-in-node=\"0\"><a href=\"https:\/\/www.facebook.com\/gavlenfjellhandel\/?locale=nb_NO%20\" target=\"_blank\" rel=\"noopener\">Tienda de Gavlen Mountain<\/a> (20 kil\u00f3metros al norte):<\/b> Perfecto para quienes viajan a la monta\u00f1a o desde ella. La tienda es autoservicio y abre todos los d\u00edas de 06 a 24 horas.<\/p><\/li><\/ul>\t\t\t\t\t\t\t\t<\/div>\n\t\t\t\t<\/div>\n\t\t\t\t<\/div>\n\t\t<div class=\"elementor-element elementor-element-8894a23 e-con-full e-flex elementor-invisible e-con e-child\" data-id=\"8894a23\" data-element_type=\"container\" data-e-type=\"container\" data-settings=\"{&quot;animation&quot;:&quot;fadeIn&quot;}\">\n\t\t\t\t<div class=\"elementor-element elementor-element-03501d5 elementor-widget elementor-widget-image\" data-id=\"03501d5\" data-element_type=\"widget\" data-e-type=\"widget\" data-widget_type=\"image.default\">\n\t\t\t\t\t\t\t\t\t\t\t\t\t\t\t<img fetchpriority=\"high\" decoding=\"async\" width=\"2048\" height=\"1366\" src=\"https:\/\/sandviken-camping.no\/wp-content\/uploads\/2026\/02\/Resepsjon-Annette-og-Smeets-scaled.jpg\" class=\"attachment-full size-full wp-image-903\" alt=\"Disfruta de caf\u00e9 reci\u00e9n hecho y tentaciones caseras en nuestra acogedora cafeter\u00eda. Aqu\u00ed, junto al lago Tinnsj\u00f8en, servimos comida hecha con cari\u00f1o, perfecta para despu\u00e9s de un d\u00eda activo.\" srcset=\"https:\/\/sandviken-camping.no\/wp-content\/uploads\/2026\/02\/Resepsjon-Annette-og-Smeets-scaled.jpg 2048w, https:\/\/sandviken-camping.no\/wp-content\/uploads\/2026\/02\/Resepsjon-Annette-og-Smeets-300x200.jpg 300w, https:\/\/sandviken-camping.no\/wp-content\/uploads\/2026\/02\/Resepsjon-Annette-og-Smeets-1024x683.jpg 1024w, https:\/\/sandviken-camping.no\/wp-content\/uploads\/2026\/02\/Resepsjon-Annette-og-Smeets-768x512.jpg 768w, https:\/\/sandviken-camping.no\/wp-content\/uploads\/2026\/02\/Resepsjon-Annette-og-Smeets-1536x1025.jpg 1536w\" sizes=\"(max-width: 2048px) 100vw, 2048px\" \/>\t\t\t\t\t\t\t\t\t\t\t\t\t\t\t<\/div>\n\t\t\t\t<\/div>\n\t\t\t\t<\/div>\n\t\t\t\t\t<\/div>\n\t\t\t\t<\/div>\n\t\t<div class=\"elementor-element elementor-element-7657986 e-con-full e-flex elementor-invisible e-con e-parent\" data-id=\"7657986\" data-element_type=\"container\" data-e-type=\"container\" data-settings=\"{&quot;animation&quot;:&quot;fadeInUp&quot;}\">\n\t\t<div class=\"elementor-element elementor-element-ec29e7e e-flex e-con-boxed e-con e-child\" data-id=\"ec29e7e\" data-element_type=\"container\" data-e-type=\"container\" data-settings=\"{&quot;background_background&quot;:&quot;classic&quot;}\">\n\t\t\t\t\t<div class=\"e-con-inner\">\n\t\t<div class=\"elementor-element elementor-element-34d54f1 e-grid e-con-full e-con e-child\" data-id=\"34d54f1\" data-element_type=\"container\" data-e-type=\"container\">\n\t\t<div class=\"elementor-element elementor-element-3ee9685 e-con-full e-flex elementor-invisible e-con e-child\" data-id=\"3ee9685\" data-element_type=\"container\" data-e-type=\"container\" data-settings=\"{&quot;animation&quot;:&quot;fadeIn&quot;}\">\n\t\t\t\t<div class=\"elementor-element elementor-element-d0d8da8 elementor-widget elementor-widget-image\" data-id=\"d0d8da8\" data-element_type=\"widget\" data-e-type=\"widget\" data-widget_type=\"image.default\">\n\t\t\t\t\t\t\t\t\t\t\t\t\t\t\t<img decoding=\"async\" width=\"1366\" height=\"2048\" src=\"https:\/\/sandviken-camping.no\/wp-content\/uploads\/2026\/02\/Aktivitet-Seterliv-barnpataket-scaled.jpg\" class=\"attachment-full size-full wp-image-860\" alt=\"Desde artesan\u00eda tradicional en Haugen Treindustri hasta comestibles en Spar, nuestras tiendas locales tienen todo lo necesario para una estancia satisfactoria y sostenible con nosotros.\" srcset=\"https:\/\/sandviken-camping.no\/wp-content\/uploads\/2026\/02\/Aktivitet-Seterliv-barnpataket-scaled.jpg 1366w, https:\/\/sandviken-camping.no\/wp-content\/uploads\/2026\/02\/Aktivitet-Seterliv-barnpataket-200x300.jpg 200w, https:\/\/sandviken-camping.no\/wp-content\/uploads\/2026\/02\/Aktivitet-Seterliv-barnpataket-683x1024.jpg 683w, https:\/\/sandviken-camping.no\/wp-content\/uploads\/2026\/02\/Aktivitet-Seterliv-barnpataket-768x1151.jpg 768w, https:\/\/sandviken-camping.no\/wp-content\/uploads\/2026\/02\/Aktivitet-Seterliv-barnpataket-1025x1536.jpg 1025w\" sizes=\"(max-width: 1366px) 100vw, 1366px\" \/>\t\t\t\t\t\t\t\t\t\t\t\t\t\t\t<\/div>\n\t\t\t\t<\/div>\n\t\t<div class=\"elementor-element elementor-element-bfe0d04 e-con-full e-flex e-con e-child\" data-id=\"bfe0d04\" data-element_type=\"container\" data-e-type=\"container\">\n\t\t<div class=\"elementor-element elementor-element-d9e3b66 e-con-full e-flex elementor-invisible e-con e-child\" data-id=\"d9e3b66\" data-element_type=\"container\" data-e-type=\"container\" data-settings=\"{&quot;animation&quot;:&quot;fadeIn&quot;}\">\n\t\t\t\t<div class=\"elementor-element elementor-element-b2a2536 elementor-widget elementor-widget-heading\" data-id=\"b2a2536\" data-element_type=\"widget\" data-e-type=\"widget\" data-widget_type=\"heading.default\">\n\t\t\t\t\t<h2 class=\"elementor-heading-title elementor-size-default\">Los mejores sabores del mundo de Tinn<\/h2>\t\t\t\t<\/div>\n\t\t\t\t<div class=\"elementor-element elementor-element-96b4ab7 elementor-widget elementor-widget-text-editor\" data-id=\"96b4ab7\" data-element_type=\"widget\" data-e-type=\"widget\" data-widget_type=\"text-editor.default\">\n\t\t\t\t\t\t\t\t\t<p data-path-to-node=\"10\">Estamos muy orgullosos de los productores de alimentos de nuestro barrio. Cuando compras aqu\u00ed, obtienes productos de primera calidad directamente del agricultor:<\/p><ul data-path-to-node=\"11\"><li><p data-path-to-node=\"11,0,0\"><b data-path-to-node=\"11,0,0\" data-index-in-node=\"0\"><a href=\"https:\/\/www.stordalengardsbruk.no\/\" target=\"_blank\" rel=\"noopener\">Granja Stordalen<\/a>:<\/b> Produce lo que se describe como el mejor queso negro del mundo: \u00a1una experiencia que hay que probar!<\/p><\/li><li><p data-path-to-node=\"11,1,0\"><b data-path-to-node=\"11,1,0\" data-index-in-node=\"0\"><a href=\"https:\/\/www.facebook.com\/people\/Honning-fra-Eggerud-og-Midtgard\" target=\"_blank\" rel=\"noopener\">Granja Eggerud y Midtgard<\/a>:<\/b> Conocida por su fant\u00e1stica miel, que lleva consigo el sabor de la naturaleza pura de Austbygde.<\/p><\/li><li><p data-path-to-node=\"11,2,0\"><b data-path-to-node=\"11,2,0\" data-index-in-node=\"0\">Alimentos locales en las tiendas:<\/b> Busca marcas locales cuando compres en Spar Atr\u00e5, que sabe destacar los tesoros alimentarios de Tinn.<\/p><\/li><\/ul>\t\t\t\t\t\t\t\t<\/div>\n\t\t\t\t<div class=\"elementor-element elementor-element-a7034f7 elementor-widget elementor-widget-heading\" data-id=\"a7034f7\" data-element_type=\"widget\" data-e-type=\"widget\" data-widget_type=\"heading.default\">\n\t\t\t\t\t<h3 class=\"elementor-heading-title elementor-size-default\">Oferta ampliada en Rjukan<\/h3>\t\t\t\t<\/div>\n\t\t\t\t<div class=\"elementor-element elementor-element-b184094 elementor-widget elementor-widget-text-editor\" data-id=\"b184094\" data-element_type=\"widget\" data-e-type=\"widget\" data-widget_type=\"text-editor.default\">\n\t\t\t\t\t\t\t\t\t<p data-path-to-node=\"14\">Si necesita a\u00fan m\u00e1s opciones, la ciudad de Rjukan est\u00e1 a s\u00f3lo media hora en coche. Aqu\u00ed encontrar\u00e1 una amplia gama de servicios urbanos:<\/p><ul data-path-to-node=\"15\"><li><p data-path-to-node=\"15,0,0\">Grandes cadenas de supermercados como Rema 1000, Spar y Kiwi.<\/p><\/li><li><p data-path-to-node=\"15,1,0\">Vinmonopolet.<\/p><\/li><li><p data-path-to-node=\"15,2,0\">Tiendas especializadas en ropa, muebles, electr\u00f3nica y materiales de construcci\u00f3n.<\/p><\/li><\/ul>\t\t\t\t\t\t\t\t<\/div>\n\t\t\t\t<\/div>\n\t\t\t\t<\/div>\n\t\t\t\t<\/div>\n\t\t\t\t\t<\/div>\n\t\t\t\t<\/div>\n\t\t\t\t<\/div>\n\t\t\t\t<\/div>","protected":false},"excerpt":{"rendered":"<p>Al comprar con nuestros vecinos de Austbygde, apoyas a las vibrantes comunidades locales. Disfruta de los productos reci\u00e9n horneados de la panader\u00eda o de los galardonados alimentos locales de las granjas que nos rodean.<\/p>","protected":false},"author":1,"featured_media":851,"parent":25,"menu_order":0,"comment_status":"closed","ping_status":"closed","template":"","meta":{"_acf_changed":false,"footnotes":""},"class_list":["post-29","page","type-page","status-publish","has-post-thumbnail","hentry"],"acf":[],"_links":{"self":[{"href":"https:\/\/sandviken-camping.no\/es\/wp-json\/wp\/v2\/pages\/29","targetHints":{"allow":["GET"]}}],"collection":[{"href":"https:\/\/sandviken-camping.no\/es\/wp-json\/wp\/v2\/pages"}],"about":[{"href":"https:\/\/sandviken-camping.no\/es\/wp-json\/wp\/v2\/types\/page"}],"author":[{"embeddable":true,"href":"https:\/\/sandviken-camping.no\/es\/wp-json\/wp\/v2\/users\/1"}],"replies":[{"embeddable":true,"href":"https:\/\/sandviken-camping.no\/es\/wp-json\/wp\/v2\/comments?post=29"}],"version-history":[{"count":0,"href":"https:\/\/sandviken-camping.no\/es\/wp-json\/wp\/v2\/pages\/29\/revisions"}],"up":[{"embeddable":true,"href":"https:\/\/sandviken-camping.no\/es\/wp-json\/wp\/v2\/pages\/25"}],"wp:featuredmedia":[{"embeddable":true,"href":"https:\/\/sandviken-camping.no\/es\/wp-json\/wp\/v2\/media\/851"}],"wp:attachment":[{"href":"https:\/\/sandviken-camping.no\/es\/wp-json\/wp\/v2\/media?parent=29"}],"curies":[{"name":"wp","href":"https:\/\/api.w.org\/{rel}","templated":true}]}}