{"id":30,"date":"2026-02-17T13:10:11","date_gmt":"2026-02-17T12:10:11","guid":{"rendered":"https:\/\/sandvikencamping.hornstaging.no\/?page_id=30"},"modified":"2026-03-23T08:57:48","modified_gmt":"2026-03-23T07:57:48","slug":"quienes-somos","status":"publish","type":"page","link":"https:\/\/sandviken-camping.no\/es\/om-oss\/","title":{"rendered":"Sobre nosotros"},"content":{"rendered":"\t\t<div data-elementor-type=\"wp-page\" data-elementor-id=\"30\" class=\"elementor elementor-30\" data-elementor-post-type=\"page\">\n\t\t\t\t<div class=\"elementor-element elementor-element-861e7bc e-flex e-con-boxed e-con e-child\" data-id=\"861e7bc\" data-element_type=\"container\" data-e-type=\"container\" data-settings=\"{&quot;background_background&quot;:&quot;classic&quot;}\">\n\t\t\t\t\t<div class=\"e-con-inner\">\n\t\t<div class=\"elementor-element elementor-element-048ace8 e-con-full e-flex e-con e-child\" data-id=\"048ace8\" data-element_type=\"container\" data-e-type=\"container\">\n\t\t<div class=\"elementor-element elementor-element-e3fe6d5 e-con-full e-flex elementor-invisible e-con e-child\" data-id=\"e3fe6d5\" data-element_type=\"container\" data-e-type=\"container\" data-settings=\"{&quot;animation&quot;:&quot;fadeIn&quot;}\">\n\t\t\t\t<div class=\"elementor-element elementor-element-a90bd08 elementor-widget elementor-widget-heading\" data-id=\"a90bd08\" data-element_type=\"widget\" data-e-type=\"widget\" data-widget_type=\"heading.default\">\n\t\t\t\t\t<h1 class=\"elementor-heading-title elementor-size-default\">En familiehistorie gjennom fire generasjoner<\/h1>\t\t\t\t<\/div>\n\t\t\t\t<div class=\"elementor-element elementor-element-aca189c elementor-widget elementor-widget-text-editor\" data-id=\"aca189c\" data-element_type=\"widget\" data-e-type=\"widget\" data-widget_type=\"text-editor.default\">\n\t\t\t\t\t\t\t\t\t<p data-path-to-node=\"3\">Sandviken Camping er mer enn bare en leirplass; det er en livsstil som strekker seg tilbake til 1927. Gjennom generasjoner har vi skapt et pusterom der historiske r\u00f8tter m\u00f8ter moderne b\u00e6rekraft, alltid med det samme m\u00e5let: \u00e5 gi gjestene v\u00e5re ro i en hektisk hverdag.<\/p>\t\t\t\t\t\t\t\t<\/div>\n\t\t<div class=\"elementor-element elementor-element-007bdff e-con-full e-flex e-con e-child\" data-id=\"007bdff\" data-element_type=\"container\" data-e-type=\"container\">\n\t\t\t\t<div class=\"elementor-element elementor-element-1adf167 elementor-align-right elementor-mobile-align-justify elementor-widget elementor-widget-button\" data-id=\"1adf167\" data-element_type=\"widget\" data-e-type=\"widget\" data-widget_type=\"button.default\">\n\t\t\t\t\t\t\t\t\t\t<a class=\"elementor-button elementor-button-link elementor-size-sm\" href=\"\/overnatting\/\">\n\t\t\t\t\t\t<span class=\"elementor-button-content-wrapper\">\n\t\t\t\t\t\t<span class=\"elementor-button-icon\">\n\t\t\t\t<svg aria-hidden=\"true\" class=\"e-font-icon-svg e-fas-caret-right\" viewBox=\"0 0 192 512\" xmlns=\"http:\/\/www.w3.org\/2000\/svg\"><path d=\"M0 384.662V127.338c0-17.818 21.543-26.741 34.142-14.142l128.662 128.662c7.81 7.81 7.81 20.474 0 28.284L34.142 398.804C21.543 411.404 0 402.48 0 384.662z\"><\/path><\/svg>\t\t\t<\/span>\n\t\t\t\t\t\t\t\t\t<span class=\"elementor-button-text\">V\u00e5re overnattingsmuligheter<\/span>\n\t\t\t\t\t<\/span>\n\t\t\t\t\t<\/a>\n\t\t\t\t\t\t\t\t<\/div>\n\t\t\t\t<div class=\"elementor-element elementor-element-0121e5c elementor-align-right elementor-mobile-align-justify elementor-widget elementor-widget-button\" data-id=\"0121e5c\" data-element_type=\"widget\" data-e-type=\"widget\" data-widget_type=\"button.default\">\n\t\t\t\t\t\t\t\t\t\t<a class=\"elementor-button elementor-button-link elementor-size-sm\" href=\"https:\/\/reservations.bookvisit.com\/accommodation?channelId=82490956-1703-4a62-8c71-69d4a8e8c57a&#038;culture=nb\" target=\"_blank\" rel=\"noopener\">\n\t\t\t\t\t\t<span class=\"elementor-button-content-wrapper\">\n\t\t\t\t\t\t<span class=\"elementor-button-icon\">\n\t\t\t\t<svg aria-hidden=\"true\" class=\"e-font-icon-svg e-fas-caret-right\" viewBox=\"0 0 192 512\" xmlns=\"http:\/\/www.w3.org\/2000\/svg\"><path d=\"M0 384.662V127.338c0-17.818 21.543-26.741 34.142-14.142l128.662 128.662c7.81 7.81 7.81 20.474 0 28.284L34.142 398.804C21.543 411.404 0 402.48 0 384.662z\"><\/path><\/svg>\t\t\t<\/span>\n\t\t\t\t\t\t\t\t\t<span class=\"elementor-button-text\">Book overnatting<\/span>\n\t\t\t\t\t<\/span>\n\t\t\t\t\t<\/a>\n\t\t\t\t\t\t\t\t<\/div>\n\t\t\t\t<\/div>\n\t\t\t\t<\/div>\n\t\t\t\t<\/div>\n\t\t\t\t\t<\/div>\n\t\t\t\t<\/div>\n\t\t<div class=\"elementor-element elementor-element-e430155 e-flex e-con-boxed e-con e-parent\" data-id=\"e430155\" data-element_type=\"container\" data-e-type=\"container\">\n\t\t\t\t\t<div class=\"e-con-inner\">\n\t\t<div class=\"elementor-element elementor-element-9bd5f5b e-grid e-con-full e-con e-child\" data-id=\"9bd5f5b\" data-element_type=\"container\" data-e-type=\"container\">\n\t\t<div class=\"elementor-element elementor-element-3f85191 e-con-full e-flex e-con e-child\" data-id=\"3f85191\" data-element_type=\"container\" data-e-type=\"container\">\n\t\t<div class=\"elementor-element elementor-element-7d0d984 e-con-full e-flex elementor-invisible e-con e-child\" data-id=\"7d0d984\" data-element_type=\"container\" data-e-type=\"container\" data-settings=\"{&quot;sticky&quot;:&quot;top&quot;,&quot;sticky_on&quot;:[&quot;desktop&quot;],&quot;sticky_offset&quot;:20,&quot;sticky_parent&quot;:&quot;yes&quot;,&quot;animation&quot;:&quot;fadeIn&quot;,&quot;sticky_effects_offset&quot;:0,&quot;sticky_anchor_link_offset&quot;:0}\">\n\t\t\t\t<div class=\"elementor-element elementor-element-b166192 elementor-widget elementor-widget-heading\" data-id=\"b166192\" data-element_type=\"widget\" data-e-type=\"widget\" data-widget_type=\"heading.default\">\n\t\t\t\t\t<h2 class=\"elementor-heading-title elementor-size-default\">Fra sagbruk og melkekyr til motorsykler<\/h2>\t\t\t\t<\/div>\n\t\t\t\t<div class=\"elementor-element elementor-element-aa2b40d elementor-widget elementor-widget-text-editor\" data-id=\"aa2b40d\" data-element_type=\"widget\" data-e-type=\"widget\" data-widget_type=\"text-editor.default\">\n\t\t\t\t\t\t\t\t\t<p data-path-to-node=\"6\">Det hele startet i <b data-path-to-node=\"6\" data-index-in-node=\"19\">1927<\/b> da oldefar <b data-path-to-node=\"6\" data-index-in-node=\"35\">Olav Fagerberg<\/b> kj\u00f8pte Sandviken p\u00e5 tvangsauksjon. Familien br\u00f8df\u00f8dte seg p\u00e5 en liten potet\u00e5ker og sagbruk. Olav og s\u00f8nnen <b data-path-to-node=\"6\" data-index-in-node=\"157\">Nils<\/b> var snekkere, og under krigens \u00e5r i <b data-path-to-node=\"6\" data-index-in-node=\"198\">1940<\/b> ferdigstilte de hovedhuset som fortsatt \u00f8nsker velkommen ved innkj\u00f8ringen.<\/p><p data-path-to-node=\"7\">I <b data-path-to-node=\"7\" data-index-in-node=\"2\">1950<\/b> overtok Nils og kona Borghild g\u00e5rden. De satset stort p\u00e5 melkeproduksjon, og i <b data-path-to-node=\"7\" data-index-in-node=\"86\">1952<\/b> stod en l\u00e5ve med topp moderne melkemaskiner klar \u2013 et teknologisk underverk som folk reiste langveisfra for \u00e5 beskue. Men i <b data-path-to-node=\"7\" data-index-in-node=\"215\">1954<\/b> endret alt seg. Nils ble syk, og samme \u00e5r svingte de aller f\u00f8rste gjestene inn p\u00e5 tunet: motorsyklister med sidevogn som \u00f8nsket overnatting. Nils inns\u00e5 raskt at campingdrift var veien videre. I <b data-path-to-node=\"7\" data-index-in-node=\"414\">1961<\/b> ble melkemaskinene solgt og l\u00e5ven bygget om til sanit\u00e6ranlegg; b\u00e5sene st\u00e5r der den dag i dag som et minne om g\u00e5rdstiden.<\/p>\t\t\t\t\t\t\t\t<\/div>\n\t\t\t\t<div class=\"elementor-element elementor-element-def1b04 elementor-align-left elementor-mobile-align-justify elementor-widget elementor-widget-button\" data-id=\"def1b04\" data-element_type=\"widget\" data-e-type=\"widget\" data-widget_type=\"button.default\">\n\t\t\t\t\t\t\t\t\t\t<a class=\"elementor-button elementor-button-link elementor-size-sm\" href=\"\/historiske-bilder\/\" target=\"_blank\">\n\t\t\t\t\t\t<span class=\"elementor-button-content-wrapper\">\n\t\t\t\t\t\t<span class=\"elementor-button-icon\">\n\t\t\t\t<svg aria-hidden=\"true\" class=\"e-font-icon-svg e-fas-caret-right\" viewBox=\"0 0 192 512\" xmlns=\"http:\/\/www.w3.org\/2000\/svg\"><path d=\"M0 384.662V127.338c0-17.818 21.543-26.741 34.142-14.142l128.662 128.662c7.81 7.81 7.81 20.474 0 28.284L34.142 398.804C21.543 411.404 0 402.48 0 384.662z\"><\/path><\/svg>\t\t\t<\/span>\n\t\t\t\t\t\t\t\t\t<span class=\"elementor-button-text\">Se flere historiske bilder<\/span>\n\t\t\t\t\t<\/span>\n\t\t\t\t\t<\/a>\n\t\t\t\t\t\t\t\t<\/div>\n\t\t\t\t<\/div>\n\t\t\t\t<\/div>\n\t\t<div class=\"elementor-element elementor-element-bf49e77 e-con-full e-flex e-con e-child\" data-id=\"bf49e77\" data-element_type=\"container\" data-e-type=\"container\" data-settings=\"{&quot;background_background&quot;:&quot;classic&quot;}\">\n\t\t\t\t<\/div>\n\t\t<div class=\"elementor-element elementor-element-bd5a85b e-con-full e-flex e-con e-child\" data-id=\"bd5a85b\" data-element_type=\"container\" data-e-type=\"container\">\n\t\t<div class=\"elementor-element elementor-element-36c43ae e-con-full e-flex elementor-invisible e-con e-child\" data-id=\"36c43ae\" data-element_type=\"container\" data-e-type=\"container\" data-settings=\"{&quot;animation&quot;:&quot;fadeInUp&quot;,&quot;animation_delay&quot;:600}\">\n\t\t<div class=\"elementor-element elementor-element-c8948a4 e-con-full e-flex elementor-invisible e-con e-child\" data-id=\"c8948a4\" data-element_type=\"container\" data-e-type=\"container\" data-settings=\"{&quot;background_background&quot;:&quot;classic&quot;,&quot;animation&quot;:&quot;fadeInUp&quot;,&quot;animation_delay&quot;:400}\">\n\t\t\t\t<div class=\"elementor-element elementor-element-9e20b1a elementor-widget elementor-widget-heading\" data-id=\"9e20b1a\" data-element_type=\"widget\" data-e-type=\"widget\" data-widget_type=\"heading.default\">\n\t\t\t\t\t<h3 class=\"elementor-heading-title elementor-size-default\">Oppvask og oppbygging<\/h3>\t\t\t\t<\/div>\n\t\t\t\t<div class=\"elementor-element elementor-element-194ea97 elementor-widget elementor-widget-text-editor\" data-id=\"194ea97\" data-element_type=\"widget\" data-e-type=\"widget\" data-widget_type=\"text-editor.default\">\n\t\t\t\t\t\t\t\t\t<p>Neste generasjon, <b data-path-to-node=\"10\" data-index-in-node=\"18\">Halvor og Kari<\/b>, flyttet til Sandviken i <b data-path-to-node=\"10\" data-index-in-node=\"58\">1983<\/b>. Overtakelsen var t\u00f8ff, med enkle fasiliteter og mange klager. Mamma Kari bad gjestene om t\u00e5lmodighet: <i data-path-to-node=\"10\" data-index-in-node=\"166\">\u00abKom tilbake om 5\u20136 \u00e5r!\u00bb<\/i>. Hun fikk rett. I <b data-path-to-node=\"10\" data-index-in-node=\"209\">1989<\/b> stod et stort, nytt sanit\u00e6ranlegg ferdig, og de siste hyttene ble bygget. I dag teller vi 12 hytter, der hytte nr. 19 er over 100 \u00e5r gammel, og tre sm\u00e5 t\u00f8mmerhytter med gress p\u00e5 taket er h\u00e5ndlaftet av farfar Nils.<\/p>\t\t\t\t\t\t\t\t<\/div>\n\t\t\t\t<\/div>\n\t\t\t\t<div class=\"elementor-element elementor-element-3c141ea elementor-widget elementor-widget-image\" data-id=\"3c141ea\" data-element_type=\"widget\" data-e-type=\"widget\" data-widget_type=\"image.default\">\n\t\t\t\t\t\t\t\t\t\t\t\t\t\t\t<img fetchpriority=\"high\" decoding=\"async\" width=\"2046\" height=\"1380\" src=\"https:\/\/sandviken-camping.no\/wp-content\/uploads\/2026\/03\/Olav-og-Halvor-Fagerberg.avif\" class=\"attachment-full size-full wp-image-1226\" alt=\"For oss er du ikke bare et nummer i rekken. Vi legger v\u00e5r \u00e6re i at hver eneste gjest skal f\u00f8le seg hjemme og sett hos oss.\" srcset=\"https:\/\/sandviken-camping.no\/wp-content\/uploads\/2026\/03\/Olav-og-Halvor-Fagerberg.avif 2046w, https:\/\/sandviken-camping.no\/wp-content\/uploads\/2026\/03\/Olav-og-Halvor-Fagerberg-300x202.avif 300w, https:\/\/sandviken-camping.no\/wp-content\/uploads\/2026\/03\/Olav-og-Halvor-Fagerberg-1024x691.avif 1024w, https:\/\/sandviken-camping.no\/wp-content\/uploads\/2026\/03\/Olav-og-Halvor-Fagerberg-768x518.avif 768w, https:\/\/sandviken-camping.no\/wp-content\/uploads\/2026\/03\/Olav-og-Halvor-Fagerberg-1536x1036.avif 1536w, https:\/\/sandviken-camping.no\/wp-content\/uploads\/2026\/03\/Olav-og-Halvor-Fagerberg-18x12.avif 18w\" sizes=\"(max-width: 2046px) 100vw, 2046px\" \/>\t\t\t\t\t\t\t\t\t\t\t\t\t\t\t<\/div>\n\t\t\t\t<\/div>\n\t\t\t\t<\/div>\n\t\t\t\t<\/div>\n\t\t\t\t\t<\/div>\n\t\t\t\t<\/div>\n\t\t<div class=\"elementor-element elementor-element-9e90495 e-con-full e-flex elementor-invisible e-con e-parent\" data-id=\"9e90495\" data-element_type=\"container\" data-e-type=\"container\" data-settings=\"{&quot;animation&quot;:&quot;fadeInUp&quot;}\">\n\t\t<div class=\"elementor-element elementor-element-5f3e132 e-flex e-con-boxed e-con e-child\" data-id=\"5f3e132\" data-element_type=\"container\" data-e-type=\"container\" data-settings=\"{&quot;background_background&quot;:&quot;classic&quot;}\">\n\t\t\t\t\t<div class=\"e-con-inner\">\n\t\t<div class=\"elementor-element elementor-element-6033890 e-grid e-con-full e-con e-child\" data-id=\"6033890\" data-element_type=\"container\" data-e-type=\"container\">\n\t\t<div class=\"elementor-element elementor-element-456e7a7 e-con-full e-flex elementor-invisible e-con e-child\" data-id=\"456e7a7\" data-element_type=\"container\" data-e-type=\"container\" data-settings=\"{&quot;animation&quot;:&quot;fadeIn&quot;}\">\n\t\t\t\t<div class=\"elementor-element elementor-element-7d0d3f1 elementor-widget elementor-widget-image\" data-id=\"7d0d3f1\" data-element_type=\"widget\" data-e-type=\"widget\" data-widget_type=\"image.default\">\n\t\t\t\t\t\t\t\t\t\t\t\t\t\t\t<img decoding=\"async\" width=\"1500\" height=\"701\" src=\"https:\/\/sandviken-camping.no\/wp-content\/uploads\/2026\/02\/Jubileum-70ar.jpg\" class=\"attachment-full size-full wp-image-724\" alt=\"Vi heier p\u00e5 Tinn! Ved \u00e5 bruke lokale h\u00e5ndverkere og r\u00e5varer, bidrar vi til at bygda v\u00e5r blomstrer, samtidig som vi gir deg en autentisk opplevelse.\" srcset=\"https:\/\/sandviken-camping.no\/wp-content\/uploads\/2026\/02\/Jubileum-70ar.jpg 1500w, https:\/\/sandviken-camping.no\/wp-content\/uploads\/2026\/02\/Jubileum-70ar-300x140.jpg 300w, https:\/\/sandviken-camping.no\/wp-content\/uploads\/2026\/02\/Jubileum-70ar-1024x479.jpg 1024w, https:\/\/sandviken-camping.no\/wp-content\/uploads\/2026\/02\/Jubileum-70ar-768x359.jpg 768w\" sizes=\"(max-width: 1500px) 100vw, 1500px\" \/>\t\t\t\t\t\t\t\t\t\t\t\t\t\t\t<\/div>\n\t\t\t\t<\/div>\n\t\t<div class=\"elementor-element elementor-element-b776ff9 e-con-full e-flex e-con e-child\" data-id=\"b776ff9\" data-element_type=\"container\" data-e-type=\"container\">\n\t\t<div class=\"elementor-element elementor-element-05d9d55 e-con-full e-flex elementor-invisible e-con e-child\" data-id=\"05d9d55\" data-element_type=\"container\" data-e-type=\"container\" data-settings=\"{&quot;animation&quot;:&quot;fadeIn&quot;}\">\n\t\t\t\t<div class=\"elementor-element elementor-element-7fb5559 elementor-widget elementor-widget-heading\" data-id=\"7fb5559\" data-element_type=\"widget\" data-e-type=\"widget\" data-widget_type=\"heading.default\">\n\t\t\t\t\t<h2 class=\"elementor-heading-title elementor-size-default\">Annette og veien ut i verden (og hjem igjen)<\/h2>\t\t\t\t<\/div>\n\t\t\t\t<div class=\"elementor-element elementor-element-221b90b elementor-widget elementor-widget-text-editor\" data-id=\"221b90b\" data-element_type=\"widget\" data-e-type=\"widget\" data-widget_type=\"text-editor.default\">\n\t\t\t\t\t\t\t\t\t<p data-path-to-node=\"13\"><b data-path-to-node=\"13\" data-index-in-node=\"0\">Annette<\/b> ble f\u00f8dt i <b data-path-to-node=\"13\" data-index-in-node=\"19\">1984<\/b> og visste tidlig at hun skulle overta. Hun reiste til Tyskland i <b data-path-to-node=\"13\" data-index-in-node=\"89\">2001<\/b> for \u00e5 l\u00e6re spr\u00e5ket til v\u00e5re mange tyske gjester, og tok senere en bachelor i reiseliv med opphold i Guatemala. Etter \u00e5r med erfaring fra Color Magic og hoteller i Setesdal, overtok hun familiebedriften i <b data-path-to-node=\"13\" data-index-in-node=\"298\">2014<\/b>.<\/p><p data-path-to-node=\"14\">Siden har utfordringene og h\u00f8ydepunktene kommet tett:<\/p><ul data-path-to-node=\"15\"><li><p data-path-to-node=\"15,0,0\"><b data-path-to-node=\"15,0,0\" data-index-in-node=\"0\">2015:<\/b> En storflom rammet oss. Tre hytter stod under vann, men flommen ble en mulighet til fornyelse. Vi pusset opp, fikk Wifi og kuttet 115 tr\u00e6r for \u00e5 \u00e5pne opp den fantastiske utsikten vi har i dag.<\/p><\/li><li><p data-path-to-node=\"15,1,0\"><b data-path-to-node=\"15,1,0\" data-index-in-node=\"0\">2016:<\/b> Kari Johanne kom til verden, og mens Annette var i mamma-permisjon, styrte Byron fra Guatemala skuta med st\u00f8dig h\u00e5nd.<\/p><\/li><li><p data-path-to-node=\"15,2,0\"><b data-path-to-node=\"15,2,0\" data-index-in-node=\"0\">2019:<\/b> Saunat\u00f8nna kom p\u00e5 plass, og vi ble sertifisert som <b data-path-to-node=\"15,2,0\" data-index-in-node=\"57\">Milj\u00f8fyrt\u00e5rn<\/b>.<\/p><\/li><\/ul>\t\t\t\t\t\t\t\t<\/div>\n\t\t\t\t<div class=\"elementor-element elementor-element-2adc410 elementor-align-left elementor-mobile-align-justify elementor-widget elementor-widget-button\" data-id=\"2adc410\" data-element_type=\"widget\" data-e-type=\"widget\" data-widget_type=\"button.default\">\n\t\t\t\t\t\t\t\t\t\t<a class=\"elementor-button elementor-button-link elementor-size-sm\" href=\"\/kontakt\/\" target=\"_blank\">\n\t\t\t\t\t\t<span class=\"elementor-button-content-wrapper\">\n\t\t\t\t\t\t<span class=\"elementor-button-icon\">\n\t\t\t\t<svg aria-hidden=\"true\" class=\"e-font-icon-svg e-fas-caret-right\" viewBox=\"0 0 192 512\" xmlns=\"http:\/\/www.w3.org\/2000\/svg\"><path d=\"M0 384.662V127.338c0-17.818 21.543-26.741 34.142-14.142l128.662 128.662c7.81 7.81 7.81 20.474 0 28.284L34.142 398.804C21.543 411.404 0 402.48 0 384.662z\"><\/path><\/svg>\t\t\t<\/span>\n\t\t\t\t\t\t\t\t\t<span class=\"elementor-button-text\">Kontakt oss<\/span>\n\t\t\t\t\t<\/span>\n\t\t\t\t\t<\/a>\n\t\t\t\t\t\t\t\t<\/div>\n\t\t\t\t<\/div>\n\t\t\t\t<\/div>\n\t\t\t\t<\/div>\n\t\t\t\t\t<\/div>\n\t\t\t\t<\/div>\n\t\t\t\t<\/div>\n\t\t<div class=\"elementor-element elementor-element-9719957 e-flex e-con-boxed e-con e-parent\" data-id=\"9719957\" data-element_type=\"container\" data-e-type=\"container\">\n\t\t\t\t\t<div class=\"e-con-inner\">\n\t\t<div class=\"elementor-element elementor-element-91c5034 e-grid e-con-full e-con e-child\" data-id=\"91c5034\" data-element_type=\"container\" data-e-type=\"container\">\n\t\t<div class=\"elementor-element elementor-element-68952da e-con-full e-flex e-con e-child\" data-id=\"68952da\" data-element_type=\"container\" data-e-type=\"container\">\n\t\t<div class=\"elementor-element elementor-element-af77adb e-con-full e-flex elementor-invisible e-con e-child\" data-id=\"af77adb\" data-element_type=\"container\" data-e-type=\"container\" data-settings=\"{&quot;animation&quot;:&quot;fadeIn&quot;}\">\n\t\t\t\t<div class=\"elementor-element elementor-element-d782b71 elementor-widget elementor-widget-heading\" data-id=\"d782b71\" data-element_type=\"widget\" data-e-type=\"widget\" data-widget_type=\"heading.default\">\n\t\t\t\t\t<h2 class=\"elementor-heading-title elementor-size-default\">Jubileum, utfordringer og nye dr\u00f8mmer<\/h2>\t\t\t\t<\/div>\n\t\t\t\t<div class=\"elementor-element elementor-element-ed6e4d7 elementor-widget elementor-widget-text-editor\" data-id=\"ed6e4d7\" data-element_type=\"widget\" data-e-type=\"widget\" data-widget_type=\"text-editor.default\">\n\t\t\t\t\t\t\t\t\t<p data-path-to-node=\"18\">Det nye ti\u00e5ret startet br\u00e5tt med pandemien i <b data-path-to-node=\"18\" data-index-in-node=\"45\">2020<\/b>, men brakte ogs\u00e5 med seg Christiane fra Tyskland som hjalp til med driften. Vi brukte tiden til \u00e5 pusse opp hyttene innvendig, installere bom og reparere bryggeanlegget etter herjing fra Tinnsj\u00f8ens krefter.<\/p><p data-path-to-node=\"19\"><b data-path-to-node=\"19\" data-index-in-node=\"0\">V\u00e5rt jubileums\u00e5r 2024<\/b> startet dramatisk med at saunat\u00f8nna brant ned, men en ny og moderne sauna med garderobe kom raskt p\u00e5 plass. Vi feiret <b data-path-to-node=\"19\" data-index-in-node=\"140\">70 \u00e5r med camping<\/b>, samtidig som vi m\u00e5tte gj\u00f8re store investeringer i nye pizzaovner og milj\u00f8vennlige varmepumper fra Enova.<\/p>\t\t\t\t\t\t\t\t<\/div>\n\t\t\t\t<div class=\"elementor-element elementor-element-07024c5 elementor-widget elementor-widget-heading\" data-id=\"07024c5\" data-element_type=\"widget\" data-e-type=\"widget\" data-widget_type=\"heading.default\">\n\t\t\t\t\t<h3 class=\"elementor-heading-title elementor-size-default\">Sandviken i dag og i morgen<\/h3>\t\t\t\t<\/div>\n\t\t\t\t<div class=\"elementor-element elementor-element-ce8904a elementor-widget elementor-widget-text-editor\" data-id=\"ce8904a\" data-element_type=\"widget\" data-e-type=\"widget\" data-widget_type=\"text-editor.default\">\n\t\t\t\t\t\t\t\t\t<p data-path-to-node=\"21\">Selv om Christiane reiste hjem til Tyskland i slutten av <b data-path-to-node=\"21\" data-index-in-node=\"57\">2024<\/b>, lever prosjektene hun startet videre. Drivhuset gir oss n\u00e5 egne urter til kafeen, og l\u00e5ven har blitt et levende samlingspunkt for alt fra skrekkfilm-kvelder til konfirmasjoner.<\/p><p data-path-to-node=\"22\">I <b data-path-to-node=\"22\" data-index-in-node=\"2\">2025<\/b> fortsetter reisen n\u00e5r Annette starter studiet i \u00abB\u00e6rekraftig camping\u00bb. Vi er stolte av \u00e5 ha mottatt Tinn kommunes milj\u00f8fyrt\u00e5rnpris, og vi gleder oss til \u00e5 dele mange flere \u00f8yeblikk \u2013 enten det er under dansende nordlys eller varme sommerdager ved vannkanten \u2013 med dere.<\/p>\t\t\t\t\t\t\t\t<\/div>\n\t\t\t\t<div class=\"elementor-element elementor-element-f99dae4 elementor-align-left elementor-mobile-align-justify elementor-widget elementor-widget-button\" data-id=\"f99dae4\" data-element_type=\"widget\" data-e-type=\"widget\" data-widget_type=\"button.default\">\n\t\t\t\t\t\t\t\t\t\t<a class=\"elementor-button elementor-button-link elementor-size-sm\" href=\"https:\/\/reservations.bookvisit.com\/accommodation?channelId=82490956-1703-4a62-8c71-69d4a8e8c57a&#038;culture=nb\" target=\"_blank\" rel=\"noopener\">\n\t\t\t\t\t\t<span class=\"elementor-button-content-wrapper\">\n\t\t\t\t\t\t<span class=\"elementor-button-icon\">\n\t\t\t\t<svg aria-hidden=\"true\" class=\"e-font-icon-svg e-fas-caret-right\" viewBox=\"0 0 192 512\" xmlns=\"http:\/\/www.w3.org\/2000\/svg\"><path d=\"M0 384.662V127.338c0-17.818 21.543-26.741 34.142-14.142l128.662 128.662c7.81 7.81 7.81 20.474 0 28.284L34.142 398.804C21.543 411.404 0 402.48 0 384.662z\"><\/path><\/svg>\t\t\t<\/span>\n\t\t\t\t\t\t\t\t\t<span class=\"elementor-button-text\">Book overnatting<\/span>\n\t\t\t\t\t<\/span>\n\t\t\t\t\t<\/a>\n\t\t\t\t\t\t\t\t<\/div>\n\t\t\t\t<\/div>\n\t\t\t\t<\/div>\n\t\t<div class=\"elementor-element elementor-element-5741866 e-con-full e-flex elementor-invisible e-con e-child\" data-id=\"5741866\" data-element_type=\"container\" data-e-type=\"container\" data-settings=\"{&quot;animation&quot;:&quot;fadeIn&quot;}\">\n\t\t\t\t<div class=\"elementor-element elementor-element-8c41b00 elementor-widget elementor-widget-image\" data-id=\"8c41b00\" data-element_type=\"widget\" data-e-type=\"widget\" data-widget_type=\"image.default\">\n\t\t\t\t\t\t\t\t\t\t\t\t\t\t\t<img decoding=\"async\" width=\"1500\" height=\"1034\" src=\"https:\/\/sandviken-camping.no\/wp-content\/uploads\/2026\/02\/Tinn-Kommune-baerekraftspris.jpg\" class=\"attachment-full size-full wp-image-1001\" alt=\"V\u00e5rt m\u00e5l er \u00e5 skape varige ferieminner gjennom b\u00e6rekraftig drift. Vi investerer kontinuerlig i plassen for at nye generasjoner skal kunne nyte Sandviken i fremtiden.\" srcset=\"https:\/\/sandviken-camping.no\/wp-content\/uploads\/2026\/02\/Tinn-Kommune-baerekraftspris.jpg 1500w, https:\/\/sandviken-camping.no\/wp-content\/uploads\/2026\/02\/Tinn-Kommune-baerekraftspris-300x207.jpg 300w, https:\/\/sandviken-camping.no\/wp-content\/uploads\/2026\/02\/Tinn-Kommune-baerekraftspris-1024x706.jpg 1024w, https:\/\/sandviken-camping.no\/wp-content\/uploads\/2026\/02\/Tinn-Kommune-baerekraftspris-768x529.jpg 768w\" sizes=\"(max-width: 1500px) 100vw, 1500px\" \/>\t\t\t\t\t\t\t\t\t\t\t\t\t\t\t<\/div>\n\t\t\t\t<\/div>\n\t\t\t\t<\/div>\n\t\t\t\t\t<\/div>\n\t\t\t\t<\/div>\n\t\t\t\t<\/div>\n\t\t","protected":false},"excerpt":{"rendered":"<p>En familiehistorie gjennom fire generasjoner Sandviken Camping er mer enn bare en leirplass; det er en livsstil som strekker seg tilbake til 1927. Gjennom generasjoner har vi skapt et pusterom der historiske r\u00f8tter m\u00f8ter moderne b\u00e6rekraft, alltid med det samme m\u00e5let: \u00e5 gi gjestene v\u00e5re ro i en hektisk hverdag. V\u00e5re overnattingsmuligheter Book overnatting Fra [&hellip;]<\/p>\n","protected":false},"author":1,"featured_media":1139,"parent":0,"menu_order":0,"comment_status":"closed","ping_status":"closed","template":"","meta":{"_acf_changed":false,"footnotes":""},"class_list":["post-30","page","type-page","status-publish","has-post-thumbnail","hentry"],"acf":[],"_links":{"self":[{"href":"https:\/\/sandviken-camping.no\/es\/wp-json\/wp\/v2\/pages\/30","targetHints":{"allow":["GET"]}}],"collection":[{"href":"https:\/\/sandviken-camping.no\/es\/wp-json\/wp\/v2\/pages"}],"about":[{"href":"https:\/\/sandviken-camping.no\/es\/wp-json\/wp\/v2\/types\/page"}],"author":[{"embeddable":true,"href":"https:\/\/sandviken-camping.no\/es\/wp-json\/wp\/v2\/users\/1"}],"replies":[{"embeddable":true,"href":"https:\/\/sandviken-camping.no\/es\/wp-json\/wp\/v2\/comments?post=30"}],"version-history":[{"count":0,"href":"https:\/\/sandviken-camping.no\/es\/wp-json\/wp\/v2\/pages\/30\/revisions"}],"wp:featuredmedia":[{"embeddable":true,"href":"https:\/\/sandviken-camping.no\/es\/wp-json\/wp\/v2\/media\/1139"}],"wp:attachment":[{"href":"https:\/\/sandviken-camping.no\/es\/wp-json\/wp\/v2\/media?parent=30"}],"curies":[{"name":"wp","href":"https:\/\/api.w.org\/{rel}","templated":true}]}}